{"id":15893,"date":"2024-12-10T11:09:06","date_gmt":"2024-12-10T11:09:06","guid":{"rendered":"https:\/\/anza-hu.web9.wildweb.no\/kedvenc-termekeim\/"},"modified":"2025-10-24T15:48:29","modified_gmt":"2025-10-24T14:48:29","slug":"kedvenc-termekeim","status":"publish","type":"page","link":"https:\/\/anza-hu.web9.wildweb.no\/hu\/kedvenc-termekeim\/","title":{"rendered":"Kedvenc term\u00e9keim"},"content":{"rendered":"\n<p>Az \u00d6n \u00e1ltal kedvencnek jel\u00f6lt term\u00e9kek itt \u00f6sszegy\u0171jt\u00e9sre ker\u00fclnek, \u00edgy k\u00f6nnyen megjegyezheti, hogy melyik term\u00e9kre van sz\u00fcks\u00e9ge a k\u00f6vetkez\u0151 projektj\u00e9hez.<\/p>\n","protected":false},"excerpt":{"rendered":"<p>Az \u00d6n \u00e1ltal kedvencnek jel\u00f6lt term\u00e9kek itt \u00f6sszegy\u0171jt\u00e9sre ker\u00fclnek, \u00edgy k\u00f6nnyen megjegyezheti, hogy melyik term\u00e9kre van sz\u00fcks\u00e9ge a k\u00f6vetkez\u0151 projektj\u00e9hez.<\/p>\n","protected":false},"author":4,"featured_media":0,"parent":0,"menu_order":0,"comment_status":"closed","ping_status":"closed","template":"","meta":{"_acf_changed":false,"_relevanssi_hide_post":"","_relevanssi_hide_content":"","_relevanssi_pin_for_all":"","_relevanssi_pin_keywords":"","_relevanssi_unpin_keywords":"","_relevanssi_related_keywords":"","_relevanssi_related_include_ids":"","_relevanssi_related_exclude_ids":"","_relevanssi_related_no_append":"","_relevanssi_related_not_related":"","_relevanssi_related_posts":"","_relevanssi_noindex_reason":"","inline_featured_image":false,"footnotes":""},"class_list":["post-15893","page","type-page","status-publish","hentry"],"acf":[],"yoast_head":"<!-- This site is optimized with the Yoast SEO plugin v27.4 - https:\/\/yoast.com\/product\/yoast-seo-wordpress\/ -->\n<title>Kedvenc term\u00e9keim &#8211; Anza Magyarorsz\u00e1g<\/title>\n<meta name=\"description\" content=\"Anza is a leading Swedish supplier of painting tools, brushes, rollers and cleaners. Anza helps you with your painting projects. Read more here!\" \/>\n<meta name=\"robots\" content=\"noindex, follow, max-snippet:-1, max-image-preview:large, max-video-preview:-1\" \/>\n<meta property=\"og:locale\" content=\"hu_HU\" \/>\n<meta property=\"og:type\" content=\"website\" \/>\n<meta property=\"og:title\" content=\"Kedvenc term\u00e9keim &#8211; Anza Magyarorsz\u00e1g\" \/>\n<meta property=\"og:description\" content=\"Anza is a leading Swedish supplier of painting tools, brushes, rollers and cleaners. Anza helps you with your painting projects. Read more here!\" \/>\n<meta property=\"og:url\" content=\"https:\/\/anza-hu.web9.wildweb.no\/hu\/kedvenc-termekeim\/\" \/>\n<meta property=\"og:site_name\" content=\"Anza Magyarorsz\u00e1g\" \/>\n<meta property=\"article:publisher\" content=\"https:\/\/www.facebook.com\/anzamaleriverktyg\/\" \/>\n<meta property=\"article:modified_time\" content=\"2025-10-24T14:48:29+00:00\" \/>\n<meta name=\"twitter:card\" content=\"summary_large_image\" \/>\n<script type=\"application\/ld+json\" class=\"yoast-schema-graph\">{\"@context\":\"https:\\\/\\\/schema.org\",\"@graph\":[{\"@type\":\"WebPage\",\"@id\":\"https:\\\/\\\/anza-hu.web9.wildweb.no\\\/hu\\\/kedvenc-termekeim\\\/\",\"url\":\"https:\\\/\\\/anza-hu.web9.wildweb.no\\\/hu\\\/kedvenc-termekeim\\\/\",\"name\":\"Kedvenc term\u00e9keim &#8211; Anza Magyarorsz\u00e1g\",\"isPartOf\":{\"@id\":\"https:\\\/\\\/anza-hu.web9.wildweb.no\\\/hu\\\/#website\"},\"datePublished\":\"2024-12-10T11:09:06+00:00\",\"dateModified\":\"2025-10-24T14:48:29+00:00\",\"description\":\"Anza is a leading Swedish supplier of painting tools, brushes, rollers and cleaners. Anza helps you with your painting projects. Read more here!\",\"breadcrumb\":{\"@id\":\"https:\\\/\\\/anza-hu.web9.wildweb.no\\\/hu\\\/kedvenc-termekeim\\\/#breadcrumb\"},\"inLanguage\":\"hu-HU\",\"potentialAction\":[{\"@type\":\"ReadAction\",\"target\":[\"https:\\\/\\\/anza-hu.web9.wildweb.no\\\/hu\\\/kedvenc-termekeim\\\/\"]}]},{\"@type\":\"BreadcrumbList\",\"@id\":\"https:\\\/\\\/anza-hu.web9.wildweb.no\\\/hu\\\/kedvenc-termekeim\\\/#breadcrumb\",\"itemListElement\":[{\"@type\":\"ListItem\",\"position\":1,\"name\":\"Home\",\"item\":\"https:\\\/\\\/anza-hu.web9.wildweb.no\\\/hu\\\/\"},{\"@type\":\"ListItem\",\"position\":2,\"name\":\"Kedvenc term\u00e9keim\"}]},{\"@type\":\"WebSite\",\"@id\":\"https:\\\/\\\/anza-hu.web9.wildweb.no\\\/hu\\\/#website\",\"url\":\"https:\\\/\\\/anza-hu.web9.wildweb.no\\\/hu\\\/\",\"name\":\"Anza Painting Tools\",\"description\":\"Ecsetek, hengerek \u00e9s eszk\u00f6z\u00f6k, amelyek megk\u00f6nny\u00edtik a fest\u00e9st\",\"publisher\":{\"@id\":\"https:\\\/\\\/anza-hu.web9.wildweb.no\\\/hu\\\/#organization\"},\"alternateName\":\"Anza\",\"potentialAction\":[{\"@type\":\"SearchAction\",\"target\":{\"@type\":\"EntryPoint\",\"urlTemplate\":\"https:\\\/\\\/anza-hu.web9.wildweb.no\\\/hu\\\/?s={search_term_string}\"},\"query-input\":{\"@type\":\"PropertyValueSpecification\",\"valueRequired\":true,\"valueName\":\"search_term_string\"}}],\"inLanguage\":\"hu-HU\"},{\"@type\":\"Organization\",\"@id\":\"https:\\\/\\\/anza-hu.web9.wildweb.no\\\/hu\\\/#organization\",\"name\":\"Anza Painting Tools\",\"url\":\"https:\\\/\\\/anza-hu.web9.wildweb.no\\\/hu\\\/\",\"logo\":{\"@type\":\"ImageObject\",\"inLanguage\":\"hu-HU\",\"@id\":\"https:\\\/\\\/anza-hu.web9.wildweb.no\\\/hu\\\/#\\\/schema\\\/logo\\\/image\\\/\",\"url\":\"https:\\\/\\\/anza-hu.web9.wildweb.no\\\/wp\\\/uploads\\\/sites\\\/24\\\/2023\\\/06\\\/ANZA_logo_2021_black_payoff_EN.png\",\"contentUrl\":\"https:\\\/\\\/anza-hu.web9.wildweb.no\\\/wp\\\/uploads\\\/sites\\\/24\\\/2023\\\/06\\\/ANZA_logo_2021_black_payoff_EN.png\",\"width\":1582,\"height\":407,\"caption\":\"Anza Painting Tools\"},\"image\":{\"@id\":\"https:\\\/\\\/anza-hu.web9.wildweb.no\\\/hu\\\/#\\\/schema\\\/logo\\\/image\\\/\"},\"sameAs\":[\"https:\\\/\\\/www.facebook.com\\\/anzamaleriverktyg\\\/\",\"https:\\\/\\\/www.instagram.com\\\/anza_maleriverktyg\\\/\",\"https:\\\/\\\/www.linkedin.com\\\/company\\\/10275943\\\/\",\"https:\\\/\\\/www.youtube.com\\\/channel\\\/UCRly6WXZuX-7p72l_6FeiCg\"]}]}<\/script>\n<!-- \/ Yoast SEO plugin. -->","yoast_head_json":{"title":"Kedvenc term\u00e9keim &#8211; Anza Magyarorsz\u00e1g","description":"Anza is a leading Swedish supplier of painting tools, brushes, rollers and cleaners. Anza helps you with your painting projects. Read more here!","robots":{"index":"noindex","follow":"follow","max-snippet":"max-snippet:-1","max-image-preview":"max-image-preview:large","max-video-preview":"max-video-preview:-1"},"og_locale":"hu_HU","og_type":"website","og_title":"Kedvenc term\u00e9keim &#8211; Anza Magyarorsz\u00e1g","og_description":"Anza is a leading Swedish supplier of painting tools, brushes, rollers and cleaners. Anza helps you with your painting projects. Read more here!","og_url":"https:\/\/anza-hu.web9.wildweb.no\/hu\/kedvenc-termekeim\/","og_site_name":"Anza Magyarorsz\u00e1g","article_publisher":"https:\/\/www.facebook.com\/anzamaleriverktyg\/","article_modified_time":"2025-10-24T14:48:29+00:00","twitter_card":"summary_large_image","schema":{"@context":"https:\/\/schema.org","@graph":[{"@type":"WebPage","@id":"https:\/\/anza-hu.web9.wildweb.no\/hu\/kedvenc-termekeim\/","url":"https:\/\/anza-hu.web9.wildweb.no\/hu\/kedvenc-termekeim\/","name":"Kedvenc term\u00e9keim &#8211; Anza Magyarorsz\u00e1g","isPartOf":{"@id":"https:\/\/anza-hu.web9.wildweb.no\/hu\/#website"},"datePublished":"2024-12-10T11:09:06+00:00","dateModified":"2025-10-24T14:48:29+00:00","description":"Anza is a leading Swedish supplier of painting tools, brushes, rollers and cleaners. Anza helps you with your painting projects. Read more here!","breadcrumb":{"@id":"https:\/\/anza-hu.web9.wildweb.no\/hu\/kedvenc-termekeim\/#breadcrumb"},"inLanguage":"hu-HU","potentialAction":[{"@type":"ReadAction","target":["https:\/\/anza-hu.web9.wildweb.no\/hu\/kedvenc-termekeim\/"]}]},{"@type":"BreadcrumbList","@id":"https:\/\/anza-hu.web9.wildweb.no\/hu\/kedvenc-termekeim\/#breadcrumb","itemListElement":[{"@type":"ListItem","position":1,"name":"Home","item":"https:\/\/anza-hu.web9.wildweb.no\/hu\/"},{"@type":"ListItem","position":2,"name":"Kedvenc term\u00e9keim"}]},{"@type":"WebSite","@id":"https:\/\/anza-hu.web9.wildweb.no\/hu\/#website","url":"https:\/\/anza-hu.web9.wildweb.no\/hu\/","name":"Anza Painting Tools","description":"Ecsetek, hengerek \u00e9s eszk\u00f6z\u00f6k, amelyek megk\u00f6nny\u00edtik a fest\u00e9st","publisher":{"@id":"https:\/\/anza-hu.web9.wildweb.no\/hu\/#organization"},"alternateName":"Anza","potentialAction":[{"@type":"SearchAction","target":{"@type":"EntryPoint","urlTemplate":"https:\/\/anza-hu.web9.wildweb.no\/hu\/?s={search_term_string}"},"query-input":{"@type":"PropertyValueSpecification","valueRequired":true,"valueName":"search_term_string"}}],"inLanguage":"hu-HU"},{"@type":"Organization","@id":"https:\/\/anza-hu.web9.wildweb.no\/hu\/#organization","name":"Anza Painting Tools","url":"https:\/\/anza-hu.web9.wildweb.no\/hu\/","logo":{"@type":"ImageObject","inLanguage":"hu-HU","@id":"https:\/\/anza-hu.web9.wildweb.no\/hu\/#\/schema\/logo\/image\/","url":"https:\/\/anza-hu.web9.wildweb.no\/wp\/uploads\/sites\/24\/2023\/06\/ANZA_logo_2021_black_payoff_EN.png","contentUrl":"https:\/\/anza-hu.web9.wildweb.no\/wp\/uploads\/sites\/24\/2023\/06\/ANZA_logo_2021_black_payoff_EN.png","width":1582,"height":407,"caption":"Anza Painting Tools"},"image":{"@id":"https:\/\/anza-hu.web9.wildweb.no\/hu\/#\/schema\/logo\/image\/"},"sameAs":["https:\/\/www.facebook.com\/anzamaleriverktyg\/","https:\/\/www.instagram.com\/anza_maleriverktyg\/","https:\/\/www.linkedin.com\/company\/10275943\/","https:\/\/www.youtube.com\/channel\/UCRly6WXZuX-7p72l_6FeiCg"]}]}},"_links":{"self":[{"href":"https:\/\/anza-hu.web9.wildweb.no\/hu\/wp-json\/wp\/v2\/pages\/15893","targetHints":{"allow":["GET"]}}],"collection":[{"href":"https:\/\/anza-hu.web9.wildweb.no\/hu\/wp-json\/wp\/v2\/pages"}],"about":[{"href":"https:\/\/anza-hu.web9.wildweb.no\/hu\/wp-json\/wp\/v2\/types\/page"}],"author":[{"embeddable":true,"href":"https:\/\/anza-hu.web9.wildweb.no\/hu\/wp-json\/wp\/v2\/users\/4"}],"replies":[{"embeddable":true,"href":"https:\/\/anza-hu.web9.wildweb.no\/hu\/wp-json\/wp\/v2\/comments?post=15893"}],"version-history":[{"count":1,"href":"https:\/\/anza-hu.web9.wildweb.no\/hu\/wp-json\/wp\/v2\/pages\/15893\/revisions"}],"predecessor-version":[{"id":15894,"href":"https:\/\/anza-hu.web9.wildweb.no\/hu\/wp-json\/wp\/v2\/pages\/15893\/revisions\/15894"}],"wp:attachment":[{"href":"https:\/\/anza-hu.web9.wildweb.no\/hu\/wp-json\/wp\/v2\/media?parent=15893"}],"curies":[{"name":"wp","href":"https:\/\/api.w.org\/{rel}","templated":true}]}}