{"id":15895,"date":"2018-01-29T09:32:27","date_gmt":"2018-01-29T09:32:27","guid":{"rendered":"https:\/\/anza-hu.web9.wildweb.no\/kapcsolat\/"},"modified":"2025-10-27T11:01:16","modified_gmt":"2025-10-27T11:01:16","slug":"kapcsolat","status":"publish","type":"page","link":"https:\/\/anza-hu.web9.wildweb.no\/hu\/kapcsolat\/","title":{"rendered":"Kapcsolat"},"content":{"rendered":"<p class=\"article__lead\">Van valami a fejedben?<br \/>\nH\u00edvjon minket vagy k\u00fcldj\u00f6n nek\u00fcnk egy e-mailt.<\/p>\n<p><strong>Telefon:<\/strong><br \/>\n Az iroda h\u00e9tf\u0151t\u0151l cs\u00fct\u00f6rt\u00f6kig 08.00 &#8211; 16.30, p\u00e9nteken 08.00 &#8211; 16.00 (CEST)<br \/>\nA sv\u00e9d \u00fcnnepek befoly\u00e1solhatj\u00e1k nyitvatart\u00e1si id\u0151nket.<br \/>\n<strong>Posta:<\/strong> <a href=\"mailto:info@orkla.se\">info@orkla.se<\/a><\/p>\n<h3>\u00dcgyf\u00e9lszolg\u00e1lat<\/h3>\n<p><strong>Telefon:<\/strong> 036 &#8211; 37 63 10<br \/>\n<strong>Posta:<\/strong> <a href=\"mailto:ohc.order@orkla.se\">ohc.kundservice@orkla.se<\/a><\/p>\n","protected":false},"excerpt":{"rendered":"<p>Van valami a fejedben? H\u00edvjon minket vagy k\u00fcldj\u00f6n nek\u00fcnk egy e-mailt. Telefon: Az iroda h\u00e9tf\u0151t\u0151l cs\u00fct\u00f6rt\u00f6kig 08.00 &#8211; 16.30, p\u00e9nteken 08.00 &#8211; 16.00 (CEST) A sv\u00e9d \u00fcnnepek befoly\u00e1solhatj\u00e1k nyitvatart\u00e1si id\u0151nket. Posta: info@orkla.se \u00dcgyf\u00e9lszolg\u00e1lat Telefon: 036 &#8211; 37 63 10 Posta: ohc.kundservice@orkla.se<\/p>\n","protected":false},"author":1,"featured_media":0,"parent":0,"menu_order":0,"comment_status":"closed","ping_status":"closed","template":"DefaultArticle.php","meta":{"_acf_changed":false,"_relevanssi_hide_post":"","_relevanssi_hide_content":"","_relevanssi_pin_for_all":"","_relevanssi_pin_keywords":"","_relevanssi_unpin_keywords":"","_relevanssi_related_keywords":"","_relevanssi_related_include_ids":"","_relevanssi_related_exclude_ids":"","_relevanssi_related_no_append":"","_relevanssi_related_not_related":"","_relevanssi_related_posts":"","_relevanssi_noindex_reason":"","inline_featured_image":false,"footnotes":""},"class_list":["post-15895","page","type-page","status-publish","hentry"],"acf":[],"yoast_head":"<!-- This site is optimized with the Yoast SEO plugin v27.4 - https:\/\/yoast.com\/product\/yoast-seo-wordpress\/ -->\n<title>Kapcsolat &#8211; Anza Magyarorsz\u00e1g<\/title>\n<meta name=\"description\" content=\"Anza is a leading Swedish supplier of painting tools, brushes, rollers and cleaners. Anza helps you with your painting projects. Read more here!\" \/>\n<meta name=\"robots\" content=\"noindex, follow, max-snippet:-1, max-image-preview:large, max-video-preview:-1\" \/>\n<meta property=\"og:locale\" content=\"hu_HU\" \/>\n<meta property=\"og:type\" content=\"website\" \/>\n<meta property=\"og:title\" content=\"Kapcsolat &#8211; Anza Magyarorsz\u00e1g\" \/>\n<meta property=\"og:description\" content=\"Anza is a leading Swedish supplier of painting tools, brushes, rollers and cleaners. Anza helps you with your painting projects. Read more here!\" \/>\n<meta property=\"og:url\" content=\"https:\/\/anza-hu.web9.wildweb.no\/hu\/kapcsolat\/\" \/>\n<meta property=\"og:site_name\" content=\"Anza Magyarorsz\u00e1g\" \/>\n<meta property=\"article:publisher\" content=\"https:\/\/www.facebook.com\/anzamaleriverktyg\/\" \/>\n<meta property=\"article:modified_time\" content=\"2025-10-27T11:01:16+00:00\" \/>\n<meta name=\"twitter:card\" content=\"summary_large_image\" \/>\n<script type=\"application\/ld+json\" class=\"yoast-schema-graph\">{\"@context\":\"https:\\\/\\\/schema.org\",\"@graph\":[{\"@type\":\"WebPage\",\"@id\":\"https:\\\/\\\/anza-hu.web9.wildweb.no\\\/hu\\\/kapcsolat\\\/\",\"url\":\"https:\\\/\\\/anza-hu.web9.wildweb.no\\\/hu\\\/kapcsolat\\\/\",\"name\":\"Kapcsolat &#8211; Anza Magyarorsz\u00e1g\",\"isPartOf\":{\"@id\":\"https:\\\/\\\/anza-hu.web9.wildweb.no\\\/hu\\\/#website\"},\"datePublished\":\"2018-01-29T09:32:27+00:00\",\"dateModified\":\"2025-10-27T11:01:16+00:00\",\"description\":\"Anza is a leading Swedish supplier of painting tools, brushes, rollers and cleaners. Anza helps you with your painting projects. Read more here!\",\"breadcrumb\":{\"@id\":\"https:\\\/\\\/anza-hu.web9.wildweb.no\\\/hu\\\/kapcsolat\\\/#breadcrumb\"},\"inLanguage\":\"hu-HU\",\"potentialAction\":[{\"@type\":\"ReadAction\",\"target\":[\"https:\\\/\\\/anza-hu.web9.wildweb.no\\\/hu\\\/kapcsolat\\\/\"]}]},{\"@type\":\"BreadcrumbList\",\"@id\":\"https:\\\/\\\/anza-hu.web9.wildweb.no\\\/hu\\\/kapcsolat\\\/#breadcrumb\",\"itemListElement\":[{\"@type\":\"ListItem\",\"position\":1,\"name\":\"Home\",\"item\":\"https:\\\/\\\/anza-hu.web9.wildweb.no\\\/hu\\\/\"},{\"@type\":\"ListItem\",\"position\":2,\"name\":\"Kapcsolat\"}]},{\"@type\":\"WebSite\",\"@id\":\"https:\\\/\\\/anza-hu.web9.wildweb.no\\\/hu\\\/#website\",\"url\":\"https:\\\/\\\/anza-hu.web9.wildweb.no\\\/hu\\\/\",\"name\":\"Anza Painting Tools\",\"description\":\"Ecsetek, hengerek \u00e9s eszk\u00f6z\u00f6k, amelyek megk\u00f6nny\u00edtik a fest\u00e9st\",\"publisher\":{\"@id\":\"https:\\\/\\\/anza-hu.web9.wildweb.no\\\/hu\\\/#organization\"},\"alternateName\":\"Anza\",\"potentialAction\":[{\"@type\":\"SearchAction\",\"target\":{\"@type\":\"EntryPoint\",\"urlTemplate\":\"https:\\\/\\\/anza-hu.web9.wildweb.no\\\/hu\\\/?s={search_term_string}\"},\"query-input\":{\"@type\":\"PropertyValueSpecification\",\"valueRequired\":true,\"valueName\":\"search_term_string\"}}],\"inLanguage\":\"hu-HU\"},{\"@type\":\"Organization\",\"@id\":\"https:\\\/\\\/anza-hu.web9.wildweb.no\\\/hu\\\/#organization\",\"name\":\"Anza Painting Tools\",\"url\":\"https:\\\/\\\/anza-hu.web9.wildweb.no\\\/hu\\\/\",\"logo\":{\"@type\":\"ImageObject\",\"inLanguage\":\"hu-HU\",\"@id\":\"https:\\\/\\\/anza-hu.web9.wildweb.no\\\/hu\\\/#\\\/schema\\\/logo\\\/image\\\/\",\"url\":\"https:\\\/\\\/anza-hu.web9.wildweb.no\\\/wp\\\/uploads\\\/sites\\\/24\\\/2023\\\/06\\\/ANZA_logo_2021_black_payoff_EN.png\",\"contentUrl\":\"https:\\\/\\\/anza-hu.web9.wildweb.no\\\/wp\\\/uploads\\\/sites\\\/24\\\/2023\\\/06\\\/ANZA_logo_2021_black_payoff_EN.png\",\"width\":1582,\"height\":407,\"caption\":\"Anza Painting Tools\"},\"image\":{\"@id\":\"https:\\\/\\\/anza-hu.web9.wildweb.no\\\/hu\\\/#\\\/schema\\\/logo\\\/image\\\/\"},\"sameAs\":[\"https:\\\/\\\/www.facebook.com\\\/anzamaleriverktyg\\\/\",\"https:\\\/\\\/www.instagram.com\\\/anza_maleriverktyg\\\/\",\"https:\\\/\\\/www.linkedin.com\\\/company\\\/10275943\\\/\",\"https:\\\/\\\/www.youtube.com\\\/channel\\\/UCRly6WXZuX-7p72l_6FeiCg\"]}]}<\/script>\n<!-- \/ Yoast SEO plugin. -->","yoast_head_json":{"title":"Kapcsolat &#8211; Anza Magyarorsz\u00e1g","description":"Anza is a leading Swedish supplier of painting tools, brushes, rollers and cleaners. Anza helps you with your painting projects. Read more here!","robots":{"index":"noindex","follow":"follow","max-snippet":"max-snippet:-1","max-image-preview":"max-image-preview:large","max-video-preview":"max-video-preview:-1"},"og_locale":"hu_HU","og_type":"website","og_title":"Kapcsolat &#8211; Anza Magyarorsz\u00e1g","og_description":"Anza is a leading Swedish supplier of painting tools, brushes, rollers and cleaners. Anza helps you with your painting projects. Read more here!","og_url":"https:\/\/anza-hu.web9.wildweb.no\/hu\/kapcsolat\/","og_site_name":"Anza Magyarorsz\u00e1g","article_publisher":"https:\/\/www.facebook.com\/anzamaleriverktyg\/","article_modified_time":"2025-10-27T11:01:16+00:00","twitter_card":"summary_large_image","schema":{"@context":"https:\/\/schema.org","@graph":[{"@type":"WebPage","@id":"https:\/\/anza-hu.web9.wildweb.no\/hu\/kapcsolat\/","url":"https:\/\/anza-hu.web9.wildweb.no\/hu\/kapcsolat\/","name":"Kapcsolat &#8211; Anza Magyarorsz\u00e1g","isPartOf":{"@id":"https:\/\/anza-hu.web9.wildweb.no\/hu\/#website"},"datePublished":"2018-01-29T09:32:27+00:00","dateModified":"2025-10-27T11:01:16+00:00","description":"Anza is a leading Swedish supplier of painting tools, brushes, rollers and cleaners. Anza helps you with your painting projects. Read more here!","breadcrumb":{"@id":"https:\/\/anza-hu.web9.wildweb.no\/hu\/kapcsolat\/#breadcrumb"},"inLanguage":"hu-HU","potentialAction":[{"@type":"ReadAction","target":["https:\/\/anza-hu.web9.wildweb.no\/hu\/kapcsolat\/"]}]},{"@type":"BreadcrumbList","@id":"https:\/\/anza-hu.web9.wildweb.no\/hu\/kapcsolat\/#breadcrumb","itemListElement":[{"@type":"ListItem","position":1,"name":"Home","item":"https:\/\/anza-hu.web9.wildweb.no\/hu\/"},{"@type":"ListItem","position":2,"name":"Kapcsolat"}]},{"@type":"WebSite","@id":"https:\/\/anza-hu.web9.wildweb.no\/hu\/#website","url":"https:\/\/anza-hu.web9.wildweb.no\/hu\/","name":"Anza Painting Tools","description":"Ecsetek, hengerek \u00e9s eszk\u00f6z\u00f6k, amelyek megk\u00f6nny\u00edtik a fest\u00e9st","publisher":{"@id":"https:\/\/anza-hu.web9.wildweb.no\/hu\/#organization"},"alternateName":"Anza","potentialAction":[{"@type":"SearchAction","target":{"@type":"EntryPoint","urlTemplate":"https:\/\/anza-hu.web9.wildweb.no\/hu\/?s={search_term_string}"},"query-input":{"@type":"PropertyValueSpecification","valueRequired":true,"valueName":"search_term_string"}}],"inLanguage":"hu-HU"},{"@type":"Organization","@id":"https:\/\/anza-hu.web9.wildweb.no\/hu\/#organization","name":"Anza Painting Tools","url":"https:\/\/anza-hu.web9.wildweb.no\/hu\/","logo":{"@type":"ImageObject","inLanguage":"hu-HU","@id":"https:\/\/anza-hu.web9.wildweb.no\/hu\/#\/schema\/logo\/image\/","url":"https:\/\/anza-hu.web9.wildweb.no\/wp\/uploads\/sites\/24\/2023\/06\/ANZA_logo_2021_black_payoff_EN.png","contentUrl":"https:\/\/anza-hu.web9.wildweb.no\/wp\/uploads\/sites\/24\/2023\/06\/ANZA_logo_2021_black_payoff_EN.png","width":1582,"height":407,"caption":"Anza Painting Tools"},"image":{"@id":"https:\/\/anza-hu.web9.wildweb.no\/hu\/#\/schema\/logo\/image\/"},"sameAs":["https:\/\/www.facebook.com\/anzamaleriverktyg\/","https:\/\/www.instagram.com\/anza_maleriverktyg\/","https:\/\/www.linkedin.com\/company\/10275943\/","https:\/\/www.youtube.com\/channel\/UCRly6WXZuX-7p72l_6FeiCg"]}]}},"_links":{"self":[{"href":"https:\/\/anza-hu.web9.wildweb.no\/hu\/wp-json\/wp\/v2\/pages\/15895","targetHints":{"allow":["GET"]}}],"collection":[{"href":"https:\/\/anza-hu.web9.wildweb.no\/hu\/wp-json\/wp\/v2\/pages"}],"about":[{"href":"https:\/\/anza-hu.web9.wildweb.no\/hu\/wp-json\/wp\/v2\/types\/page"}],"author":[{"embeddable":true,"href":"https:\/\/anza-hu.web9.wildweb.no\/hu\/wp-json\/wp\/v2\/users\/1"}],"replies":[{"embeddable":true,"href":"https:\/\/anza-hu.web9.wildweb.no\/hu\/wp-json\/wp\/v2\/comments?post=15895"}],"version-history":[{"count":1,"href":"https:\/\/anza-hu.web9.wildweb.no\/hu\/wp-json\/wp\/v2\/pages\/15895\/revisions"}],"predecessor-version":[{"id":16053,"href":"https:\/\/anza-hu.web9.wildweb.no\/hu\/wp-json\/wp\/v2\/pages\/15895\/revisions\/16053"}],"wp:attachment":[{"href":"https:\/\/anza-hu.web9.wildweb.no\/hu\/wp-json\/wp\/v2\/media?parent=15895"}],"curies":[{"name":"wp","href":"https:\/\/api.w.org\/{rel}","templated":true}]}}