{"id":15953,"date":"2022-02-16T20:39:07","date_gmt":"2022-02-16T20:39:07","guid":{"rendered":"https:\/\/anza-hu.web9.wildweb.no\/orkla-house-care\/"},"modified":"2025-10-27T22:36:50","modified_gmt":"2025-10-27T22:36:50","slug":"orkla-house-care","status":"publish","type":"page","link":"https:\/\/anza-hu.web9.wildweb.no\/hu\/rolunk\/orkla-house-care\/","title":{"rendered":"Orkla House Care"},"content":{"rendered":"\n<div class=\"wp-block-group\"><div class=\"wp-block-group__inner-container is-layout-flow wp-block-group-is-layout-flow\">\n<p>Az Orkla House Care Sv\u00e9dorsz\u00e1gban \u00e9rt\u00e9kes\u00edti \u00e9s forgalmazza saj\u00e1t m\u00e1rk\u00e1it, az Anza \u00e9s Anza Pro-t, valamint sz\u00e1mos m\u00e1s vezet\u0151 m\u00e1rk\u00e1t a fest\u00e9s \u00e9s a munkahelyi biztons\u00e1g ter\u00fclet\u00e9n. Ez teszi az Orkla House Care-t er\u0151s \u00e9s sokoldal\u00fa partnerr\u00e9. Ha t\u00f6bbet szeretne megtudni az Orkla House Care-r\u00f3l, n\u00e9zze meg <a href=\"https:\/\/www.orklahousecare.com\/\">itt<\/a>.  <\/p>\n<\/div><\/div>\n\n\n\n<div class=\"wp-block-media-text alignwide has-media-on-the-right is-stacked-on-mobile\"><div class=\"wp-block-media-text__content\">\n<h2 class=\"wp-block-heading\" id=\"anza\">Anza<\/h2>\n\n\n\n<p>Az Anza mindent k\u00edn\u00e1l, amire az otthoni jav\u00edt\u00f3knak sz\u00fcks\u00e9ge van. M\u00e1s sz\u00f3val, nagyszer\u0171 fest\u0151eszk\u00f6z\u00f6ket \u00e9s konkr\u00e9t tippeket \u00e9s tan\u00e1csokat, hogy a fest\u00e9si projekt minden l\u00e9p\u00e9s\u00e9n\u00e9l &#8211; az el\u0151k\u00e9sz\u00edt\u00e9st\u0151l a v\u00e9geredm\u00e9nyig &#8211; sikerrel j\u00e1rhasson. <\/p>\n<\/div><figure class=\"wp-block-media-text__media\"><img loading=\"lazy\" decoding=\"async\" width=\"1024\" height=\"768\" src=\"https:\/\/anza-hu.web9.wildweb.no\/app\/uploads\/sites\/24\/2022\/02\/ohc_anza-1024x768.jpg\" alt=\"ANZA - Csin\u00e1ld magad, de ne egyed\u00fcl!\" class=\"wp-image-15960 size-full\" srcset=\"https:\/\/anza-hu.web9.wildweb.no\/app\/uploads\/sites\/24\/2022\/02\/ohc_anza-1024x768.jpg 1024w, https:\/\/anza-hu.web9.wildweb.no\/app\/uploads\/sites\/24\/2022\/02\/ohc_anza-300x225.jpg 300w, https:\/\/anza-hu.web9.wildweb.no\/app\/uploads\/sites\/24\/2022\/02\/ohc_anza-768x576.jpg 768w, https:\/\/anza-hu.web9.wildweb.no\/app\/uploads\/sites\/24\/2022\/02\/ohc_anza-352x264.jpg 352w, https:\/\/anza-hu.web9.wildweb.no\/app\/uploads\/sites\/24\/2022\/02\/ohc_anza-400x300.jpg 400w, https:\/\/anza-hu.web9.wildweb.no\/app\/uploads\/sites\/24\/2022\/02\/ohc_anza.jpg 1240w\" sizes=\"auto, (max-width: 1024px) 100vw, 1024px\" \/><\/figure><\/div>\n\n\n\n<div class=\"wp-block-media-text alignwide is-stacked-on-mobile\"><figure class=\"wp-block-media-text__media\"><img loading=\"lazy\" decoding=\"async\" width=\"1024\" height=\"684\" src=\"https:\/\/anza-hu.web9.wildweb.no\/app\/uploads\/sites\/24\/2022\/02\/ohc_anzapro-1024x684.jpg\" alt=\"ANZA PRO - Tudjuk, mi kell hozz\u00e1\" class=\"wp-image-15964 size-full\" srcset=\"https:\/\/anza-hu.web9.wildweb.no\/app\/uploads\/sites\/24\/2022\/02\/ohc_anzapro-1024x684.jpg 1024w, https:\/\/anza-hu.web9.wildweb.no\/app\/uploads\/sites\/24\/2022\/02\/ohc_anzapro-300x200.jpg 300w, https:\/\/anza-hu.web9.wildweb.no\/app\/uploads\/sites\/24\/2022\/02\/ohc_anzapro-768x513.jpg 768w, https:\/\/anza-hu.web9.wildweb.no\/app\/uploads\/sites\/24\/2022\/02\/ohc_anzapro-400x267.jpg 400w, https:\/\/anza-hu.web9.wildweb.no\/app\/uploads\/sites\/24\/2022\/02\/ohc_anzapro-395x264.jpg 395w, https:\/\/anza-hu.web9.wildweb.no\/app\/uploads\/sites\/24\/2022\/02\/ohc_anzapro.jpg 1240w\" sizes=\"auto, (max-width: 1024px) 100vw, 1024px\" \/><\/figure><div class=\"wp-block-media-text__content\">\n<h2 class=\"wp-block-heading\" id=\"anza-pro\">Anza Pro<\/h2>\n\n\n\n<p>Az Anza Pro az Anza speci\u00e1lis term\u00e9kcsal\u00e1dja a professzion\u00e1lis fest\u0151k sz\u00e1m\u00e1ra. Itt a legfejlettebb fest\u0151szersz\u00e1mokat \u00e9s kieg\u00e9sz\u00edt\u0151ket tal\u00e1lja; mindegyiket gondosan kifejlesztett\u00e9k \u00e9s tesztelt\u00e9k, hogy jobb eredm\u00e9nyeket, nagyobb hat\u00e9konys\u00e1got \u00e9s nagyobb megk\u00f6nnyebb\u00fcl\u00e9st biztos\u00edtsanak a neh\u00e9z munkanapokon. <\/p>\n<\/div><\/div>\n\n\n\n<div class=\"wp-block-media-text alignwide has-media-on-the-right is-stacked-on-mobile\"><div class=\"wp-block-media-text__content\">\n<h2 class=\"wp-block-heading\" id=\"wagner\">Anza Industrial &amp; Coating<\/h2>\n\n\n\n<p>Az Anza fest\u0151szersz\u00e1mok v\u00e1laszt\u00e9ka ipari \u00e9s bevonatok alkalmaz\u00e1s\u00e1ra szabottan.<\/p>\n<\/div><figure class=\"wp-block-media-text__media\"><img loading=\"lazy\" decoding=\"async\" width=\"1024\" height=\"768\" src=\"https:\/\/anza-hu.web9.wildweb.no\/app\/uploads\/sites\/24\/2023\/06\/coating-1024x768.jpg\" alt=\"Anza Industrial &amp; Coatings\" class=\"wp-image-15954 size-full\" srcset=\"https:\/\/anza-hu.web9.wildweb.no\/app\/uploads\/sites\/24\/2023\/06\/coating-1024x768.jpg 1024w, https:\/\/anza-hu.web9.wildweb.no\/app\/uploads\/sites\/24\/2023\/06\/coating-300x225.jpg 300w, https:\/\/anza-hu.web9.wildweb.no\/app\/uploads\/sites\/24\/2023\/06\/coating-768x576.jpg 768w, https:\/\/anza-hu.web9.wildweb.no\/app\/uploads\/sites\/24\/2023\/06\/coating-352x264.jpg 352w, https:\/\/anza-hu.web9.wildweb.no\/app\/uploads\/sites\/24\/2023\/06\/coating-400x300.jpg 400w, https:\/\/anza-hu.web9.wildweb.no\/app\/uploads\/sites\/24\/2023\/06\/coating.jpg 1240w\" sizes=\"auto, (max-width: 1024px) 100vw, 1024px\" \/><\/figure><\/div>\n","protected":false},"excerpt":{"rendered":"<p>Teljes eszk\u00f6zt\u00e1r fest\u0151k sz\u00e1m\u00e1ra<\/p>\n","protected":false},"author":4,"featured_media":15905,"parent":15898,"menu_order":0,"comment_status":"closed","ping_status":"closed","template":"About.php","meta":{"_acf_changed":false,"_relevanssi_hide_post":"","_relevanssi_hide_content":"","_relevanssi_pin_for_all":"","_relevanssi_pin_keywords":"","_relevanssi_unpin_keywords":"","_relevanssi_related_keywords":"","_relevanssi_related_include_ids":"","_relevanssi_related_exclude_ids":"","_relevanssi_related_no_append":"","_relevanssi_related_not_related":"","_relevanssi_related_posts":"","_relevanssi_noindex_reason":"","inline_featured_image":false,"footnotes":""},"class_list":["post-15953","page","type-page","status-publish","has-post-thumbnail","hentry"],"acf":[],"yoast_head":"<!-- This site is optimized with the Yoast SEO plugin v27.4 - https:\/\/yoast.com\/product\/yoast-seo-wordpress\/ -->\n<title>Orkla House Care &#8211; Anza Magyarorsz\u00e1g<\/title>\n<meta name=\"description\" content=\"Anza is a leading Swedish supplier of painting tools, brushes, rollers and cleaners. Anza helps you with your painting projects. Read more here!\" \/>\n<meta name=\"robots\" content=\"noindex, follow, max-snippet:-1, max-image-preview:large, max-video-preview:-1\" \/>\n<meta property=\"og:locale\" content=\"hu_HU\" \/>\n<meta property=\"og:type\" content=\"website\" \/>\n<meta property=\"og:title\" content=\"Orkla House Care &#8211; Anza Magyarorsz\u00e1g\" \/>\n<meta property=\"og:description\" content=\"Anza is a leading Swedish supplier of painting tools, brushes, rollers and cleaners. Anza helps you with your painting projects. Read more here!\" \/>\n<meta property=\"og:url\" content=\"https:\/\/anza-hu.web9.wildweb.no\/hu\/rolunk\/orkla-house-care\/\" \/>\n<meta property=\"og:site_name\" content=\"Anza Magyarorsz\u00e1g\" \/>\n<meta property=\"article:publisher\" content=\"https:\/\/www.facebook.com\/anzamaleriverktyg\/\" \/>\n<meta property=\"article:modified_time\" content=\"2025-10-27T22:36:50+00:00\" \/>\n<meta property=\"og:image\" content=\"https:\/\/anza-hu.web9.wildweb.no\/app\/uploads\/sites\/24\/2022\/02\/painters.jpg\" \/>\n\t<meta property=\"og:image:width\" content=\"1600\" \/>\n\t<meta property=\"og:image:height\" content=\"1334\" \/>\n\t<meta property=\"og:image:type\" content=\"image\/jpeg\" \/>\n<meta name=\"twitter:card\" content=\"summary_large_image\" \/>\n<meta name=\"twitter:label1\" content=\"Est. reading time\" \/>\n\t<meta name=\"twitter:data1\" content=\"2 minutes\" \/>\n<script type=\"application\/ld+json\" class=\"yoast-schema-graph\">{\"@context\":\"https:\\\/\\\/schema.org\",\"@graph\":[{\"@type\":\"WebPage\",\"@id\":\"https:\\\/\\\/anza-hu.web9.wildweb.no\\\/hu\\\/rolunk\\\/orkla-house-care\\\/\",\"url\":\"https:\\\/\\\/anza-hu.web9.wildweb.no\\\/hu\\\/rolunk\\\/orkla-house-care\\\/\",\"name\":\"Orkla House Care &#8211; Anza Magyarorsz\u00e1g\",\"isPartOf\":{\"@id\":\"https:\\\/\\\/anza-hu.web9.wildweb.no\\\/hu\\\/#website\"},\"primaryImageOfPage\":{\"@id\":\"https:\\\/\\\/anza-hu.web9.wildweb.no\\\/hu\\\/rolunk\\\/orkla-house-care\\\/#primaryimage\"},\"image\":{\"@id\":\"https:\\\/\\\/anza-hu.web9.wildweb.no\\\/hu\\\/rolunk\\\/orkla-house-care\\\/#primaryimage\"},\"thumbnailUrl\":\"https:\\\/\\\/anza-hu.web9.wildweb.no\\\/app\\\/uploads\\\/sites\\\/24\\\/2022\\\/02\\\/painters.jpg\",\"datePublished\":\"2022-02-16T20:39:07+00:00\",\"dateModified\":\"2025-10-27T22:36:50+00:00\",\"description\":\"Anza is a leading Swedish supplier of painting tools, brushes, rollers and cleaners. Anza helps you with your painting projects. Read more here!\",\"breadcrumb\":{\"@id\":\"https:\\\/\\\/anza-hu.web9.wildweb.no\\\/hu\\\/rolunk\\\/orkla-house-care\\\/#breadcrumb\"},\"inLanguage\":\"hu-HU\",\"potentialAction\":[{\"@type\":\"ReadAction\",\"target\":[\"https:\\\/\\\/anza-hu.web9.wildweb.no\\\/hu\\\/rolunk\\\/orkla-house-care\\\/\"]}]},{\"@type\":\"ImageObject\",\"inLanguage\":\"hu-HU\",\"@id\":\"https:\\\/\\\/anza-hu.web9.wildweb.no\\\/hu\\\/rolunk\\\/orkla-house-care\\\/#primaryimage\",\"url\":\"https:\\\/\\\/anza-hu.web9.wildweb.no\\\/app\\\/uploads\\\/sites\\\/24\\\/2022\\\/02\\\/painters.jpg\",\"contentUrl\":\"https:\\\/\\\/anza-hu.web9.wildweb.no\\\/app\\\/uploads\\\/sites\\\/24\\\/2022\\\/02\\\/painters.jpg\",\"width\":1600,\"height\":1334,\"caption\":\"M\u00e5lare\"},{\"@type\":\"BreadcrumbList\",\"@id\":\"https:\\\/\\\/anza-hu.web9.wildweb.no\\\/hu\\\/rolunk\\\/orkla-house-care\\\/#breadcrumb\",\"itemListElement\":[{\"@type\":\"ListItem\",\"position\":1,\"name\":\"Home\",\"item\":\"https:\\\/\\\/anza-hu.web9.wildweb.no\\\/hu\\\/\"},{\"@type\":\"ListItem\",\"position\":2,\"name\":\"R\u00f3lunk\",\"item\":\"https:\\\/\\\/anza-hu.web9.wildweb.no\\\/hu\\\/rolunk\\\/\"},{\"@type\":\"ListItem\",\"position\":3,\"name\":\"Orkla House Care\"}]},{\"@type\":\"WebSite\",\"@id\":\"https:\\\/\\\/anza-hu.web9.wildweb.no\\\/hu\\\/#website\",\"url\":\"https:\\\/\\\/anza-hu.web9.wildweb.no\\\/hu\\\/\",\"name\":\"Anza Painting Tools\",\"description\":\"Ecsetek, hengerek \u00e9s eszk\u00f6z\u00f6k, amelyek megk\u00f6nny\u00edtik a fest\u00e9st\",\"publisher\":{\"@id\":\"https:\\\/\\\/anza-hu.web9.wildweb.no\\\/hu\\\/#organization\"},\"alternateName\":\"Anza\",\"potentialAction\":[{\"@type\":\"SearchAction\",\"target\":{\"@type\":\"EntryPoint\",\"urlTemplate\":\"https:\\\/\\\/anza-hu.web9.wildweb.no\\\/hu\\\/?s={search_term_string}\"},\"query-input\":{\"@type\":\"PropertyValueSpecification\",\"valueRequired\":true,\"valueName\":\"search_term_string\"}}],\"inLanguage\":\"hu-HU\"},{\"@type\":\"Organization\",\"@id\":\"https:\\\/\\\/anza-hu.web9.wildweb.no\\\/hu\\\/#organization\",\"name\":\"Anza Painting Tools\",\"url\":\"https:\\\/\\\/anza-hu.web9.wildweb.no\\\/hu\\\/\",\"logo\":{\"@type\":\"ImageObject\",\"inLanguage\":\"hu-HU\",\"@id\":\"https:\\\/\\\/anza-hu.web9.wildweb.no\\\/hu\\\/#\\\/schema\\\/logo\\\/image\\\/\",\"url\":\"https:\\\/\\\/anza-hu.web9.wildweb.no\\\/wp\\\/uploads\\\/sites\\\/24\\\/2023\\\/06\\\/ANZA_logo_2021_black_payoff_EN.png\",\"contentUrl\":\"https:\\\/\\\/anza-hu.web9.wildweb.no\\\/wp\\\/uploads\\\/sites\\\/24\\\/2023\\\/06\\\/ANZA_logo_2021_black_payoff_EN.png\",\"width\":1582,\"height\":407,\"caption\":\"Anza Painting Tools\"},\"image\":{\"@id\":\"https:\\\/\\\/anza-hu.web9.wildweb.no\\\/hu\\\/#\\\/schema\\\/logo\\\/image\\\/\"},\"sameAs\":[\"https:\\\/\\\/www.facebook.com\\\/anzamaleriverktyg\\\/\",\"https:\\\/\\\/www.instagram.com\\\/anza_maleriverktyg\\\/\",\"https:\\\/\\\/www.linkedin.com\\\/company\\\/10275943\\\/\",\"https:\\\/\\\/www.youtube.com\\\/channel\\\/UCRly6WXZuX-7p72l_6FeiCg\"]}]}<\/script>\n<!-- \/ Yoast SEO plugin. -->","yoast_head_json":{"title":"Orkla House Care &#8211; Anza Magyarorsz\u00e1g","description":"Anza is a leading Swedish supplier of painting tools, brushes, rollers and cleaners. Anza helps you with your painting projects. Read more here!","robots":{"index":"noindex","follow":"follow","max-snippet":"max-snippet:-1","max-image-preview":"max-image-preview:large","max-video-preview":"max-video-preview:-1"},"og_locale":"hu_HU","og_type":"website","og_title":"Orkla House Care &#8211; Anza Magyarorsz\u00e1g","og_description":"Anza is a leading Swedish supplier of painting tools, brushes, rollers and cleaners. Anza helps you with your painting projects. Read more here!","og_url":"https:\/\/anza-hu.web9.wildweb.no\/hu\/rolunk\/orkla-house-care\/","og_site_name":"Anza Magyarorsz\u00e1g","article_publisher":"https:\/\/www.facebook.com\/anzamaleriverktyg\/","article_modified_time":"2025-10-27T22:36:50+00:00","og_image":[{"width":1600,"height":1334,"url":"https:\/\/anza-hu.web9.wildweb.no\/app\/uploads\/sites\/24\/2022\/02\/painters.jpg","type":"image\/jpeg"}],"twitter_card":"summary_large_image","twitter_misc":{"Est. reading time":"2 minutes"},"schema":{"@context":"https:\/\/schema.org","@graph":[{"@type":"WebPage","@id":"https:\/\/anza-hu.web9.wildweb.no\/hu\/rolunk\/orkla-house-care\/","url":"https:\/\/anza-hu.web9.wildweb.no\/hu\/rolunk\/orkla-house-care\/","name":"Orkla House Care &#8211; Anza Magyarorsz\u00e1g","isPartOf":{"@id":"https:\/\/anza-hu.web9.wildweb.no\/hu\/#website"},"primaryImageOfPage":{"@id":"https:\/\/anza-hu.web9.wildweb.no\/hu\/rolunk\/orkla-house-care\/#primaryimage"},"image":{"@id":"https:\/\/anza-hu.web9.wildweb.no\/hu\/rolunk\/orkla-house-care\/#primaryimage"},"thumbnailUrl":"https:\/\/anza-hu.web9.wildweb.no\/app\/uploads\/sites\/24\/2022\/02\/painters.jpg","datePublished":"2022-02-16T20:39:07+00:00","dateModified":"2025-10-27T22:36:50+00:00","description":"Anza is a leading Swedish supplier of painting tools, brushes, rollers and cleaners. Anza helps you with your painting projects. Read more here!","breadcrumb":{"@id":"https:\/\/anza-hu.web9.wildweb.no\/hu\/rolunk\/orkla-house-care\/#breadcrumb"},"inLanguage":"hu-HU","potentialAction":[{"@type":"ReadAction","target":["https:\/\/anza-hu.web9.wildweb.no\/hu\/rolunk\/orkla-house-care\/"]}]},{"@type":"ImageObject","inLanguage":"hu-HU","@id":"https:\/\/anza-hu.web9.wildweb.no\/hu\/rolunk\/orkla-house-care\/#primaryimage","url":"https:\/\/anza-hu.web9.wildweb.no\/app\/uploads\/sites\/24\/2022\/02\/painters.jpg","contentUrl":"https:\/\/anza-hu.web9.wildweb.no\/app\/uploads\/sites\/24\/2022\/02\/painters.jpg","width":1600,"height":1334,"caption":"M\u00e5lare"},{"@type":"BreadcrumbList","@id":"https:\/\/anza-hu.web9.wildweb.no\/hu\/rolunk\/orkla-house-care\/#breadcrumb","itemListElement":[{"@type":"ListItem","position":1,"name":"Home","item":"https:\/\/anza-hu.web9.wildweb.no\/hu\/"},{"@type":"ListItem","position":2,"name":"R\u00f3lunk","item":"https:\/\/anza-hu.web9.wildweb.no\/hu\/rolunk\/"},{"@type":"ListItem","position":3,"name":"Orkla House Care"}]},{"@type":"WebSite","@id":"https:\/\/anza-hu.web9.wildweb.no\/hu\/#website","url":"https:\/\/anza-hu.web9.wildweb.no\/hu\/","name":"Anza Painting Tools","description":"Ecsetek, hengerek \u00e9s eszk\u00f6z\u00f6k, amelyek megk\u00f6nny\u00edtik a fest\u00e9st","publisher":{"@id":"https:\/\/anza-hu.web9.wildweb.no\/hu\/#organization"},"alternateName":"Anza","potentialAction":[{"@type":"SearchAction","target":{"@type":"EntryPoint","urlTemplate":"https:\/\/anza-hu.web9.wildweb.no\/hu\/?s={search_term_string}"},"query-input":{"@type":"PropertyValueSpecification","valueRequired":true,"valueName":"search_term_string"}}],"inLanguage":"hu-HU"},{"@type":"Organization","@id":"https:\/\/anza-hu.web9.wildweb.no\/hu\/#organization","name":"Anza Painting Tools","url":"https:\/\/anza-hu.web9.wildweb.no\/hu\/","logo":{"@type":"ImageObject","inLanguage":"hu-HU","@id":"https:\/\/anza-hu.web9.wildweb.no\/hu\/#\/schema\/logo\/image\/","url":"https:\/\/anza-hu.web9.wildweb.no\/wp\/uploads\/sites\/24\/2023\/06\/ANZA_logo_2021_black_payoff_EN.png","contentUrl":"https:\/\/anza-hu.web9.wildweb.no\/wp\/uploads\/sites\/24\/2023\/06\/ANZA_logo_2021_black_payoff_EN.png","width":1582,"height":407,"caption":"Anza Painting Tools"},"image":{"@id":"https:\/\/anza-hu.web9.wildweb.no\/hu\/#\/schema\/logo\/image\/"},"sameAs":["https:\/\/www.facebook.com\/anzamaleriverktyg\/","https:\/\/www.instagram.com\/anza_maleriverktyg\/","https:\/\/www.linkedin.com\/company\/10275943\/","https:\/\/www.youtube.com\/channel\/UCRly6WXZuX-7p72l_6FeiCg"]}]}},"_links":{"self":[{"href":"https:\/\/anza-hu.web9.wildweb.no\/hu\/wp-json\/wp\/v2\/pages\/15953","targetHints":{"allow":["GET"]}}],"collection":[{"href":"https:\/\/anza-hu.web9.wildweb.no\/hu\/wp-json\/wp\/v2\/pages"}],"about":[{"href":"https:\/\/anza-hu.web9.wildweb.no\/hu\/wp-json\/wp\/v2\/types\/page"}],"author":[{"embeddable":true,"href":"https:\/\/anza-hu.web9.wildweb.no\/hu\/wp-json\/wp\/v2\/users\/4"}],"replies":[{"embeddable":true,"href":"https:\/\/anza-hu.web9.wildweb.no\/hu\/wp-json\/wp\/v2\/comments?post=15953"}],"version-history":[{"count":2,"href":"https:\/\/anza-hu.web9.wildweb.no\/hu\/wp-json\/wp\/v2\/pages\/15953\/revisions"}],"predecessor-version":[{"id":18366,"href":"https:\/\/anza-hu.web9.wildweb.no\/hu\/wp-json\/wp\/v2\/pages\/15953\/revisions\/18366"}],"up":[{"embeddable":true,"href":"https:\/\/anza-hu.web9.wildweb.no\/hu\/wp-json\/wp\/v2\/pages\/15898"}],"wp:featuredmedia":[{"embeddable":true,"href":"https:\/\/anza-hu.web9.wildweb.no\/hu\/wp-json\/wp\/v2\/media\/15905"}],"wp:attachment":[{"href":"https:\/\/anza-hu.web9.wildweb.no\/hu\/wp-json\/wp\/v2\/media?parent=15953"}],"curies":[{"name":"wp","href":"https:\/\/api.w.org\/{rel}","templated":true}]}}