{"id":15997,"date":"2022-02-16T11:33:34","date_gmt":"2022-02-16T11:33:34","guid":{"rendered":"https:\/\/anza-hu.web9.wildweb.no\/termeles\/"},"modified":"2025-11-07T04:27:59","modified_gmt":"2025-11-07T04:27:59","slug":"termeles","status":"publish","type":"page","link":"https:\/\/anza-hu.web9.wildweb.no\/hu\/rolunk\/termeles\/","title":{"rendered":"Termel\u00e9s"},"content":{"rendered":"\n<div class=\"wp-block-group\"><div class=\"wp-block-group__inner-container is-layout-flow wp-block-group-is-layout-flow\">\n<p>A teljes term\u00e9kfejleszt\u00e9s, valamint a gy\u00e1rt\u00e1s nagy r\u00e9sze Bankerydben t\u00f6rt\u00e9nik. A gy\u00e1r szomsz\u00e9ds\u00e1g\u00e1ban tal\u00e1lhat\u00f3 a fejleszt\u00e9si r\u00e9szleg\u00fcnk, ahol \u00faj t\u00edpus\u00fa ecseteket, ecsetnyelet \u00e9s egy\u00e9b \u00faj\u00edt\u00e1sokat fejleszt\u00fcnk ki az otthoni jav\u00edt\u00f3kkal \u00e9s a profi fest\u0151kkel egyar\u00e1nt p\u00e1rbesz\u00e9det folytatva. Itt v\u00e9gezz\u00fck term\u00e9keink alapos tesztel\u00e9s\u00e9t is, hogy azok val\u00f3ban megfeleljenek a mi \u00e9s a fest\u0151k magas ergon\u00f3miai, funkcion\u00e1lis \u00e9s min\u0151s\u00e9gi k\u00f6vetelm\u00e9nyeinek.  <\/p>\n<\/div><\/div>\n\n\n\n<div class=\"wp-block-media-text alignwide is-stacked-on-mobile is-image-fill-element bg-white\"><figure class=\"wp-block-media-text__media\"><img decoding=\"async\" src=\"https:\/\/anza-se.dev.wildweb.no\/app\/uploads\/sites\/17\/2022\/02\/8626dcb2ff46abf62dd4f608e8c6b82d-1024x576.jpg\" alt=\"\" class=\"wp-image-5763 size-large\" style=\"object-position:50% 50%\"\/><\/figure><div class=\"wp-block-media-text__content\">\n<h2 class=\"wp-block-heading\" id=\"konsekvent-innovation-och-utveckling\">K\u00f6vetkezetes innov\u00e1ci\u00f3 \u00e9s fejleszt\u00e9s<\/h2>\n\n\n\n<p>Merj\u00fck \u00e1ll\u00edtani, hogy egyetlen m\u00e1s \u00e9szaki kefegy\u00e1rt\u00f3 sem fektetett be ilyen hossz\u00fa id\u0151n kereszt\u00fcl ilyen k\u00f6vetkezetesen az innov\u00e1ci\u00f3ba \u00e9s a fejleszt\u00e9si munk\u00e1ba. Hogy term\u00e9keink hat\u00e9konys\u00e1guk \u00e9s ergon\u00f3mi\u00e1juk tekintet\u00e9ben val\u00f3ban egyed\u00fcl\u00e1ll\u00f3ak, azt t\u00f6bb sz\u00e1z bejegyzett formatervez\u00e9si mintaoltalom \u00e9s sz\u00e1mos szabadalom dokument\u00e1lja. <\/p>\n<\/div><\/div>\n\n\n\n<div class=\"wp-block-media-text alignwide is-stacked-on-mobile is-image-fill-element bg-white\"><figure class=\"wp-block-media-text__media\"><img loading=\"lazy\" decoding=\"async\" width=\"1024\" height=\"576\" src=\"https:\/\/anza-hu.web9.wildweb.no\/app\/uploads\/sites\/24\/2022\/07\/borst-1024x576.jpg\" alt=\"Ecset\" class=\"wp-image-16026 size-large\" style=\"object-position:50% 50%\" srcset=\"https:\/\/anza-hu.web9.wildweb.no\/app\/uploads\/sites\/24\/2022\/07\/borst-1024x576.jpg 1024w, https:\/\/anza-hu.web9.wildweb.no\/app\/uploads\/sites\/24\/2022\/07\/borst-300x169.jpg 300w, https:\/\/anza-hu.web9.wildweb.no\/app\/uploads\/sites\/24\/2022\/07\/borst-768x432.jpg 768w, https:\/\/anza-hu.web9.wildweb.no\/app\/uploads\/sites\/24\/2022\/07\/borst-1536x864.jpg 1536w, https:\/\/anza-hu.web9.wildweb.no\/app\/uploads\/sites\/24\/2022\/07\/borst-448x252.jpg 448w, https:\/\/anza-hu.web9.wildweb.no\/app\/uploads\/sites\/24\/2022\/07\/borst-400x225.jpg 400w, https:\/\/anza-hu.web9.wildweb.no\/app\/uploads\/sites\/24\/2022\/07\/borst.jpg 1920w\" sizes=\"auto, (max-width: 1024px) 100vw, 1024px\" \/><\/figure><div class=\"wp-block-media-text__content\">\n<h2 class=\"wp-block-heading\" id=\"konsekvent-innovation-och-utveckling\">Ecsetek<\/h2>\n\n\n\n<p>Az ecset egyszer\u0171nek t\u0171nhet, de val\u00f3j\u00e1ban t\u00f6bb kritikus anyagb\u00f3l \u00e1ll, mint p\u00e9ld\u00e1ul ny\u00e9l, k\u00f6t\u0151elem, ragaszt\u00f3, bet\u00e9tek \u00e9s s\u00f6rt\u00e9k. Minden egyes alkatr\u00e9sz befoly\u00e1solhatja az ecset min\u0151s\u00e9g\u00e9t \u00e9s m\u0171k\u00f6d\u00e9s\u00e9t, ez\u00e9rt azt ellen\u0151rz\u00e9ssel kell meghat\u00e1rozni. Ez\u00e9rt fejleszt\u00e9si r\u00e9szleg\u00fcnk minden anyagot gondosan fel\u00fclvizsg\u00e1l, hogy a legmagasabb min\u0151s\u00e9g\u0171 ecseteket gy\u00e1rtsuk, amelyek ergon\u00f3miai el\u0151ny\u00f6kkel rendelkeznek, \u00e9s amelyek megk\u00f6nny\u00edtik \u00e9s hat\u00e9konyabb\u00e1 teszik a fest\u00e9si projektet.  <\/p>\n<\/div><\/div>\n\n\n\n<div class=\"wp-block-media-text alignwide is-stacked-on-mobile is-image-fill-element bg-white\"><figure class=\"wp-block-media-text__media\"><img loading=\"lazy\" decoding=\"async\" width=\"1024\" height=\"576\" src=\"https:\/\/anza-hu.web9.wildweb.no\/app\/uploads\/sites\/24\/2022\/07\/borst-narbild-1024x576.jpg\" alt=\"Ecset - K\u00f6zelk\u00e9p\" class=\"wp-image-16013 size-large\" style=\"object-position:50% 50%\" srcset=\"https:\/\/anza-hu.web9.wildweb.no\/app\/uploads\/sites\/24\/2022\/07\/borst-narbild-1024x576.jpg 1024w, https:\/\/anza-hu.web9.wildweb.no\/app\/uploads\/sites\/24\/2022\/07\/borst-narbild-300x169.jpg 300w, https:\/\/anza-hu.web9.wildweb.no\/app\/uploads\/sites\/24\/2022\/07\/borst-narbild-768x432.jpg 768w, https:\/\/anza-hu.web9.wildweb.no\/app\/uploads\/sites\/24\/2022\/07\/borst-narbild-1536x864.jpg 1536w, https:\/\/anza-hu.web9.wildweb.no\/app\/uploads\/sites\/24\/2022\/07\/borst-narbild-448x252.jpg 448w, https:\/\/anza-hu.web9.wildweb.no\/app\/uploads\/sites\/24\/2022\/07\/borst-narbild-400x225.jpg 400w, https:\/\/anza-hu.web9.wildweb.no\/app\/uploads\/sites\/24\/2022\/07\/borst-narbild.jpg 1920w\" sizes=\"auto, (max-width: 1024px) 100vw, 1024px\" \/><\/figure><div class=\"wp-block-media-text__content\">\n<h2 class=\"wp-block-heading\" id=\"konsekvent-innovation-och-utveckling\">Ecsetek \u00e9s kef\u00e9k k\u00f6z\u00f6tti k\u00fcl\u00f6nbs\u00e9g<\/h2>\n\n\n\n<p>A k\u00fcl\u00f6nb\u00f6z\u0151 ecsetek k\u00f6z\u00f6tt nagy k\u00fcl\u00f6nbs\u00e9g van a fest\u00e9kfelv\u00e9tel \u00e9s a felvett fest\u00e9k eloszl\u00e1sa tekintet\u00e9ben. Sz\u00e1mos t\u00e9nyez\u0151 hat\u00e1rozza meg, hogy mennyire j\u00f3k ezek a tulajdons\u00e1gok egy ecsetben. Nagyon fontos t\u00e9nyez\u0151, hogy az ecsetben megtal\u00e1ljuk a k\u00fcl\u00f6nb\u00f6z\u0151 hossz\u00fas\u00e1g\u00fa, form\u00e1j\u00fa \u00e9s vastags\u00e1g\u00fa s\u00f6rt\u00e9k j\u00f3 kombin\u00e1ci\u00f3j\u00e1t. Mindenekel\u0151tt fontos, hogy a s\u00f6rt\u00e9k fels\u0151 anyaga a legjobb min\u0151s\u00e9g\u0171 legyen, ez nagy hat\u00e1ssal van az ecset teljes\u00edtm\u00e9ny\u00e9re &#8211; k\u00fcl\u00f6n\u00f6sen a kivitelez\u00e9s tekintet\u00e9ben, \u00e9s hogy az ecset minden egyes von\u00e1ssal mennyire egyenletesen hagyja el a fest\u00e9kr\u00e9teget. Ez\u00e9rt fejleszt\u00e9si r\u00e9szleg\u00fcnk gondosan tanulm\u00e1nyozza a k\u00fcl\u00f6nb\u00f6z\u0151 ecsetkombin\u00e1ci\u00f3kat, \u00e9s egyedi, kifejezetten a feladatukhoz tervezett ecsetkever\u00e9keket fejleszt ki.    <\/p>\n<\/div><\/div>\n\n\n\n<div class=\"wp-block-media-text alignwide is-stacked-on-mobile is-image-fill-element bg-white\"><figure class=\"wp-block-media-text__media\"><img loading=\"lazy\" decoding=\"async\" width=\"1024\" height=\"575\" src=\"https:\/\/anza-hu.web9.wildweb.no\/app\/uploads\/sites\/24\/2022\/07\/rollers-foradling-1024x575.jpg\" alt=\"G\u00f6rg\u0151k - feldolgoz\u00e1s\" class=\"wp-image-16008 size-large\" style=\"object-position:50% 50%\" srcset=\"https:\/\/anza-hu.web9.wildweb.no\/app\/uploads\/sites\/24\/2022\/07\/rollers-foradling-1024x575.jpg 1024w, https:\/\/anza-hu.web9.wildweb.no\/app\/uploads\/sites\/24\/2022\/07\/rollers-foradling-300x169.jpg 300w, https:\/\/anza-hu.web9.wildweb.no\/app\/uploads\/sites\/24\/2022\/07\/rollers-foradling-768x431.jpg 768w, https:\/\/anza-hu.web9.wildweb.no\/app\/uploads\/sites\/24\/2022\/07\/rollers-foradling-448x252.jpg 448w, https:\/\/anza-hu.web9.wildweb.no\/app\/uploads\/sites\/24\/2022\/07\/rollers-foradling-400x225.jpg 400w, https:\/\/anza-hu.web9.wildweb.no\/app\/uploads\/sites\/24\/2022\/07\/rollers-foradling.jpg 1264w\" sizes=\"auto, (max-width: 1024px) 100vw, 1024px\" \/><\/figure><div class=\"wp-block-media-text__content\">\n<h2 class=\"wp-block-heading\" id=\"konsekvent-innovation-och-utveckling\">G\u00f6rg\u0151k<\/h2>\n\n\n\n<p>A g\u00f6rg\u0151k szintetikus anyagokb\u00f3l k\u00e9sz\u00fclnek, sz\u00f6v\u00e9ssel vagy k\u00f6t\u00e9ssel (k\u00f6rk\u00f6t\u00e9s vagy l\u00e1nck\u00f6t\u00e9s). A gy\u00e1rt\u00e1s sor\u00e1n mind a sz\u00f6vet s\u0171r\u0171s\u00e9g\u00e9t \u00e9s vastags\u00e1g\u00e1t, mind a bolyhok hossz\u00e1t szab\u00e1lyozza. A k\u00fcl\u00f6nb\u00f6z\u0151 technik\u00e1k \u00e9s specifik\u00e1ci\u00f3k befoly\u00e1solj\u00e1k, hogy a hengersz\u00f6vetet ezut\u00e1n fest\u00e9skor hogyan \u00e9rz\u00e9kelj\u00fck, p\u00e9ld\u00e1ul hogy sok vagy kev\u00e9s fest\u00e9ket tart-e meg. A sz\u00f6vetet ezut\u00e1n k\u00e1rtolj\u00e1k, hogy a sz\u00e1lvesztes\u00e9get megtiszt\u00edts\u00e1k, el\u00e9rj\u00e9k a k\u00edv\u00e1nt festett fel\u00fcletet \u00e9s szab\u00e1lyozz\u00e1k a fest\u00e9k\u00e9rzetet. A henger teljes\u00edtm\u00e9ny\u00e9nek tov\u00e1bbi ellen\u0151rz\u00e9se \u00e9rdek\u00e9ben a hengergy\u00e1rt\u00e1s sor\u00e1n a sz\u00f6vetet is finom\u00edtjuk: a sz\u00e9leket lev\u00e1gjuk \u00e9s lekerek\u00edtj\u00fck, hogy cs\u00f6kkents\u00fck a vastag fest\u00e9kcs\u00edkok kialakul\u00e1s\u00e1nak kock\u00e1zat\u00e1t fest\u00e9s k\u00f6zben. Mindezt az\u00e9rt tessz\u00fck, hogy kiv\u00e1l\u00f3 min\u0151s\u00e9g\u0171, a tervezett alkalmaz\u00e1shoz igaz\u00edtott \u00e9s optimaliz\u00e1lt hengereket \u00e1ll\u00edtsunk el\u0151.     <\/p>\n<\/div><\/div>\n\n\n\n<div class=\"wp-block-media-text alignwide is-stacked-on-mobile is-image-fill-element bg-white\"><figure class=\"wp-block-media-text__media\"><img loading=\"lazy\" decoding=\"async\" width=\"1024\" height=\"575\" src=\"https:\/\/anza-hu.web9.wildweb.no\/app\/uploads\/sites\/24\/2022\/07\/verktyg-1024x575.jpg\" alt=\"Eszk\u00f6z\u00f6k\" class=\"wp-image-16004 size-large\" style=\"object-position:50% 50%\" srcset=\"https:\/\/anza-hu.web9.wildweb.no\/app\/uploads\/sites\/24\/2022\/07\/verktyg-1024x575.jpg 1024w, https:\/\/anza-hu.web9.wildweb.no\/app\/uploads\/sites\/24\/2022\/07\/verktyg-300x169.jpg 300w, https:\/\/anza-hu.web9.wildweb.no\/app\/uploads\/sites\/24\/2022\/07\/verktyg-768x431.jpg 768w, https:\/\/anza-hu.web9.wildweb.no\/app\/uploads\/sites\/24\/2022\/07\/verktyg-448x252.jpg 448w, https:\/\/anza-hu.web9.wildweb.no\/app\/uploads\/sites\/24\/2022\/07\/verktyg-400x225.jpg 400w, https:\/\/anza-hu.web9.wildweb.no\/app\/uploads\/sites\/24\/2022\/07\/verktyg.jpg 1264w\" sizes=\"auto, (max-width: 1024px) 100vw, 1024px\" \/><\/figure><div class=\"wp-block-media-text__content\">\n<h2 class=\"wp-block-heading\" id=\"konsekvent-innovation-och-utveckling\">Eszk\u00f6z\u00f6k<\/h2>\n\n\n\n<p>Fest\u00e9s k\u00f6zben gyakran az el\u0151k\u00e9sz\u00edt\u0151 munka az egyik legnehezebb r\u00e9sz. Ez\u00e9rt hat\u00e9kony \u00e9s ergonomikus eszk\u00f6z\u00f6k kifejleszt\u00e9s\u00e9n dolgozunk, hogy id\u0151t \u00e9s testet takar\u00edtsunk meg. Ez\u00e9rt fest\u0151szersz\u00e1mainkat ergonomikus, k\u00e9nyelmes markolattal tervezt\u00fck, \u00e9s gyakran kih\u00fazhat\u00f3ak, \u00edgy k\u00edm\u00e9lheti a v\u00e1ll\u00e1t \u00e9s a h\u00e1t\u00e1t.  <\/p>\n<\/div><\/div>\n","protected":false},"excerpt":{"rendered":"<p>Egyed\u00fcl\u00e1ll\u00f3 ergon\u00f3mia \u00e9s hat\u00e9konys\u00e1g<\/p>\n","protected":false},"author":4,"featured_media":15907,"parent":15898,"menu_order":0,"comment_status":"closed","ping_status":"closed","template":"About.php","meta":{"_acf_changed":false,"_relevanssi_hide_post":"","_relevanssi_hide_content":"","_relevanssi_pin_for_all":"","_relevanssi_pin_keywords":"","_relevanssi_unpin_keywords":"","_relevanssi_related_keywords":"","_relevanssi_related_include_ids":"","_relevanssi_related_exclude_ids":"","_relevanssi_related_no_append":"","_relevanssi_related_not_related":"","_relevanssi_related_posts":"","_relevanssi_noindex_reason":"","inline_featured_image":false,"footnotes":""},"class_list":["post-15997","page","type-page","status-publish","has-post-thumbnail","hentry"],"acf":[],"yoast_head":"<!-- This site is optimized with the Yoast SEO plugin v27.4 - https:\/\/yoast.com\/product\/yoast-seo-wordpress\/ -->\n<title>Termel\u00e9s &#8211; Anza Magyarorsz\u00e1g<\/title>\n<meta name=\"description\" content=\"A teljes term\u00e9kfejleszt\u00e9s, valamint a gy\u00e1rt\u00e1s nagy r\u00e9sze Bankerydben t\u00f6rt\u00e9nik. A fejleszt\u00e9si r\u00e9szleg\u00fcnk is a gy\u00e1r mellett tal\u00e1lhat\u00f3.\" \/>\n<meta name=\"robots\" content=\"noindex, follow, max-snippet:-1, max-image-preview:large, max-video-preview:-1\" \/>\n<meta property=\"og:locale\" content=\"hu_HU\" \/>\n<meta property=\"og:type\" content=\"website\" \/>\n<meta property=\"og:title\" content=\"Termel\u00e9s &#8211; Anza Magyarorsz\u00e1g\" \/>\n<meta property=\"og:description\" content=\"A teljes term\u00e9kfejleszt\u00e9s, valamint a gy\u00e1rt\u00e1s nagy r\u00e9sze Bankerydben t\u00f6rt\u00e9nik. A fejleszt\u00e9si r\u00e9szleg\u00fcnk is a gy\u00e1r mellett tal\u00e1lhat\u00f3.\" \/>\n<meta property=\"og:url\" content=\"https:\/\/anza-hu.web9.wildweb.no\/hu\/rolunk\/termeles\/\" \/>\n<meta property=\"og:site_name\" content=\"Anza Magyarorsz\u00e1g\" \/>\n<meta property=\"article:publisher\" content=\"https:\/\/www.facebook.com\/anzamaleriverktyg\/\" \/>\n<meta property=\"article:modified_time\" content=\"2025-11-07T04:27:59+00:00\" \/>\n<meta property=\"og:image\" content=\"https:\/\/anza-hu.web9.wildweb.no\/app\/uploads\/sites\/24\/2022\/02\/15426ec10817b6f13c1c960b2911e0da-1024x512.png\" \/>\n\t<meta property=\"og:image:width\" content=\"1024\" \/>\n\t<meta property=\"og:image:height\" content=\"512\" \/>\n\t<meta property=\"og:image:type\" content=\"image\/png\" \/>\n<meta name=\"twitter:card\" content=\"summary_large_image\" \/>\n<meta name=\"twitter:label1\" content=\"Est. reading time\" \/>\n\t<meta name=\"twitter:data1\" content=\"3 minutes\" \/>\n<script type=\"application\/ld+json\" class=\"yoast-schema-graph\">{\"@context\":\"https:\\\/\\\/schema.org\",\"@graph\":[{\"@type\":\"WebPage\",\"@id\":\"https:\\\/\\\/anza-hu.web9.wildweb.no\\\/hu\\\/rolunk\\\/termeles\\\/\",\"url\":\"https:\\\/\\\/anza-hu.web9.wildweb.no\\\/hu\\\/rolunk\\\/termeles\\\/\",\"name\":\"Termel\u00e9s &#8211; Anza Magyarorsz\u00e1g\",\"isPartOf\":{\"@id\":\"https:\\\/\\\/anza-hu.web9.wildweb.no\\\/hu\\\/#website\"},\"primaryImageOfPage\":{\"@id\":\"https:\\\/\\\/anza-hu.web9.wildweb.no\\\/hu\\\/rolunk\\\/termeles\\\/#primaryimage\"},\"image\":{\"@id\":\"https:\\\/\\\/anza-hu.web9.wildweb.no\\\/hu\\\/rolunk\\\/termeles\\\/#primaryimage\"},\"thumbnailUrl\":\"https:\\\/\\\/anza-hu.web9.wildweb.no\\\/app\\\/uploads\\\/sites\\\/24\\\/2022\\\/02\\\/15426ec10817b6f13c1c960b2911e0da.png\",\"datePublished\":\"2022-02-16T11:33:34+00:00\",\"dateModified\":\"2025-11-07T04:27:59+00:00\",\"description\":\"A teljes term\u00e9kfejleszt\u00e9s, valamint a gy\u00e1rt\u00e1s nagy r\u00e9sze Bankerydben t\u00f6rt\u00e9nik. A fejleszt\u00e9si r\u00e9szleg\u00fcnk is a gy\u00e1r mellett tal\u00e1lhat\u00f3.\",\"breadcrumb\":{\"@id\":\"https:\\\/\\\/anza-hu.web9.wildweb.no\\\/hu\\\/rolunk\\\/termeles\\\/#breadcrumb\"},\"inLanguage\":\"hu-HU\",\"potentialAction\":[{\"@type\":\"ReadAction\",\"target\":[\"https:\\\/\\\/anza-hu.web9.wildweb.no\\\/hu\\\/rolunk\\\/termeles\\\/\"]}]},{\"@type\":\"ImageObject\",\"inLanguage\":\"hu-HU\",\"@id\":\"https:\\\/\\\/anza-hu.web9.wildweb.no\\\/hu\\\/rolunk\\\/termeles\\\/#primaryimage\",\"url\":\"https:\\\/\\\/anza-hu.web9.wildweb.no\\\/app\\\/uploads\\\/sites\\\/24\\\/2022\\\/02\\\/15426ec10817b6f13c1c960b2911e0da.png\",\"contentUrl\":\"https:\\\/\\\/anza-hu.web9.wildweb.no\\\/app\\\/uploads\\\/sites\\\/24\\\/2022\\\/02\\\/15426ec10817b6f13c1c960b2911e0da.png\",\"width\":1680,\"height\":840,\"caption\":\"Rita\"},{\"@type\":\"BreadcrumbList\",\"@id\":\"https:\\\/\\\/anza-hu.web9.wildweb.no\\\/hu\\\/rolunk\\\/termeles\\\/#breadcrumb\",\"itemListElement\":[{\"@type\":\"ListItem\",\"position\":1,\"name\":\"Home\",\"item\":\"https:\\\/\\\/anza-hu.web9.wildweb.no\\\/hu\\\/\"},{\"@type\":\"ListItem\",\"position\":2,\"name\":\"R\u00f3lunk\",\"item\":\"https:\\\/\\\/anza-hu.web9.wildweb.no\\\/hu\\\/rolunk\\\/\"},{\"@type\":\"ListItem\",\"position\":3,\"name\":\"Termel\u00e9s\"}]},{\"@type\":\"WebSite\",\"@id\":\"https:\\\/\\\/anza-hu.web9.wildweb.no\\\/hu\\\/#website\",\"url\":\"https:\\\/\\\/anza-hu.web9.wildweb.no\\\/hu\\\/\",\"name\":\"Anza Painting Tools\",\"description\":\"Ecsetek, hengerek \u00e9s eszk\u00f6z\u00f6k, amelyek megk\u00f6nny\u00edtik a fest\u00e9st\",\"publisher\":{\"@id\":\"https:\\\/\\\/anza-hu.web9.wildweb.no\\\/hu\\\/#organization\"},\"alternateName\":\"Anza\",\"potentialAction\":[{\"@type\":\"SearchAction\",\"target\":{\"@type\":\"EntryPoint\",\"urlTemplate\":\"https:\\\/\\\/anza-hu.web9.wildweb.no\\\/hu\\\/?s={search_term_string}\"},\"query-input\":{\"@type\":\"PropertyValueSpecification\",\"valueRequired\":true,\"valueName\":\"search_term_string\"}}],\"inLanguage\":\"hu-HU\"},{\"@type\":\"Organization\",\"@id\":\"https:\\\/\\\/anza-hu.web9.wildweb.no\\\/hu\\\/#organization\",\"name\":\"Anza Painting Tools\",\"url\":\"https:\\\/\\\/anza-hu.web9.wildweb.no\\\/hu\\\/\",\"logo\":{\"@type\":\"ImageObject\",\"inLanguage\":\"hu-HU\",\"@id\":\"https:\\\/\\\/anza-hu.web9.wildweb.no\\\/hu\\\/#\\\/schema\\\/logo\\\/image\\\/\",\"url\":\"https:\\\/\\\/anza-hu.web9.wildweb.no\\\/wp\\\/uploads\\\/sites\\\/24\\\/2023\\\/06\\\/ANZA_logo_2021_black_payoff_EN.png\",\"contentUrl\":\"https:\\\/\\\/anza-hu.web9.wildweb.no\\\/wp\\\/uploads\\\/sites\\\/24\\\/2023\\\/06\\\/ANZA_logo_2021_black_payoff_EN.png\",\"width\":1582,\"height\":407,\"caption\":\"Anza Painting Tools\"},\"image\":{\"@id\":\"https:\\\/\\\/anza-hu.web9.wildweb.no\\\/hu\\\/#\\\/schema\\\/logo\\\/image\\\/\"},\"sameAs\":[\"https:\\\/\\\/www.facebook.com\\\/anzamaleriverktyg\\\/\",\"https:\\\/\\\/www.instagram.com\\\/anza_maleriverktyg\\\/\",\"https:\\\/\\\/www.linkedin.com\\\/company\\\/10275943\\\/\",\"https:\\\/\\\/www.youtube.com\\\/channel\\\/UCRly6WXZuX-7p72l_6FeiCg\"]}]}<\/script>\n<!-- \/ Yoast SEO plugin. -->","yoast_head_json":{"title":"Termel\u00e9s &#8211; Anza Magyarorsz\u00e1g","description":"A teljes term\u00e9kfejleszt\u00e9s, valamint a gy\u00e1rt\u00e1s nagy r\u00e9sze Bankerydben t\u00f6rt\u00e9nik. A fejleszt\u00e9si r\u00e9szleg\u00fcnk is a gy\u00e1r mellett tal\u00e1lhat\u00f3.","robots":{"index":"noindex","follow":"follow","max-snippet":"max-snippet:-1","max-image-preview":"max-image-preview:large","max-video-preview":"max-video-preview:-1"},"og_locale":"hu_HU","og_type":"website","og_title":"Termel\u00e9s &#8211; Anza Magyarorsz\u00e1g","og_description":"A teljes term\u00e9kfejleszt\u00e9s, valamint a gy\u00e1rt\u00e1s nagy r\u00e9sze Bankerydben t\u00f6rt\u00e9nik. A fejleszt\u00e9si r\u00e9szleg\u00fcnk is a gy\u00e1r mellett tal\u00e1lhat\u00f3.","og_url":"https:\/\/anza-hu.web9.wildweb.no\/hu\/rolunk\/termeles\/","og_site_name":"Anza Magyarorsz\u00e1g","article_publisher":"https:\/\/www.facebook.com\/anzamaleriverktyg\/","article_modified_time":"2025-11-07T04:27:59+00:00","og_image":[{"width":1024,"height":512,"url":"https:\/\/anza-hu.web9.wildweb.no\/app\/uploads\/sites\/24\/2022\/02\/15426ec10817b6f13c1c960b2911e0da-1024x512.png","type":"image\/png"}],"twitter_card":"summary_large_image","twitter_misc":{"Est. reading time":"3 minutes"},"schema":{"@context":"https:\/\/schema.org","@graph":[{"@type":"WebPage","@id":"https:\/\/anza-hu.web9.wildweb.no\/hu\/rolunk\/termeles\/","url":"https:\/\/anza-hu.web9.wildweb.no\/hu\/rolunk\/termeles\/","name":"Termel\u00e9s &#8211; Anza Magyarorsz\u00e1g","isPartOf":{"@id":"https:\/\/anza-hu.web9.wildweb.no\/hu\/#website"},"primaryImageOfPage":{"@id":"https:\/\/anza-hu.web9.wildweb.no\/hu\/rolunk\/termeles\/#primaryimage"},"image":{"@id":"https:\/\/anza-hu.web9.wildweb.no\/hu\/rolunk\/termeles\/#primaryimage"},"thumbnailUrl":"https:\/\/anza-hu.web9.wildweb.no\/app\/uploads\/sites\/24\/2022\/02\/15426ec10817b6f13c1c960b2911e0da.png","datePublished":"2022-02-16T11:33:34+00:00","dateModified":"2025-11-07T04:27:59+00:00","description":"A teljes term\u00e9kfejleszt\u00e9s, valamint a gy\u00e1rt\u00e1s nagy r\u00e9sze Bankerydben t\u00f6rt\u00e9nik. A fejleszt\u00e9si r\u00e9szleg\u00fcnk is a gy\u00e1r mellett tal\u00e1lhat\u00f3.","breadcrumb":{"@id":"https:\/\/anza-hu.web9.wildweb.no\/hu\/rolunk\/termeles\/#breadcrumb"},"inLanguage":"hu-HU","potentialAction":[{"@type":"ReadAction","target":["https:\/\/anza-hu.web9.wildweb.no\/hu\/rolunk\/termeles\/"]}]},{"@type":"ImageObject","inLanguage":"hu-HU","@id":"https:\/\/anza-hu.web9.wildweb.no\/hu\/rolunk\/termeles\/#primaryimage","url":"https:\/\/anza-hu.web9.wildweb.no\/app\/uploads\/sites\/24\/2022\/02\/15426ec10817b6f13c1c960b2911e0da.png","contentUrl":"https:\/\/anza-hu.web9.wildweb.no\/app\/uploads\/sites\/24\/2022\/02\/15426ec10817b6f13c1c960b2911e0da.png","width":1680,"height":840,"caption":"Rita"},{"@type":"BreadcrumbList","@id":"https:\/\/anza-hu.web9.wildweb.no\/hu\/rolunk\/termeles\/#breadcrumb","itemListElement":[{"@type":"ListItem","position":1,"name":"Home","item":"https:\/\/anza-hu.web9.wildweb.no\/hu\/"},{"@type":"ListItem","position":2,"name":"R\u00f3lunk","item":"https:\/\/anza-hu.web9.wildweb.no\/hu\/rolunk\/"},{"@type":"ListItem","position":3,"name":"Termel\u00e9s"}]},{"@type":"WebSite","@id":"https:\/\/anza-hu.web9.wildweb.no\/hu\/#website","url":"https:\/\/anza-hu.web9.wildweb.no\/hu\/","name":"Anza Painting Tools","description":"Ecsetek, hengerek \u00e9s eszk\u00f6z\u00f6k, amelyek megk\u00f6nny\u00edtik a fest\u00e9st","publisher":{"@id":"https:\/\/anza-hu.web9.wildweb.no\/hu\/#organization"},"alternateName":"Anza","potentialAction":[{"@type":"SearchAction","target":{"@type":"EntryPoint","urlTemplate":"https:\/\/anza-hu.web9.wildweb.no\/hu\/?s={search_term_string}"},"query-input":{"@type":"PropertyValueSpecification","valueRequired":true,"valueName":"search_term_string"}}],"inLanguage":"hu-HU"},{"@type":"Organization","@id":"https:\/\/anza-hu.web9.wildweb.no\/hu\/#organization","name":"Anza Painting Tools","url":"https:\/\/anza-hu.web9.wildweb.no\/hu\/","logo":{"@type":"ImageObject","inLanguage":"hu-HU","@id":"https:\/\/anza-hu.web9.wildweb.no\/hu\/#\/schema\/logo\/image\/","url":"https:\/\/anza-hu.web9.wildweb.no\/wp\/uploads\/sites\/24\/2023\/06\/ANZA_logo_2021_black_payoff_EN.png","contentUrl":"https:\/\/anza-hu.web9.wildweb.no\/wp\/uploads\/sites\/24\/2023\/06\/ANZA_logo_2021_black_payoff_EN.png","width":1582,"height":407,"caption":"Anza Painting Tools"},"image":{"@id":"https:\/\/anza-hu.web9.wildweb.no\/hu\/#\/schema\/logo\/image\/"},"sameAs":["https:\/\/www.facebook.com\/anzamaleriverktyg\/","https:\/\/www.instagram.com\/anza_maleriverktyg\/","https:\/\/www.linkedin.com\/company\/10275943\/","https:\/\/www.youtube.com\/channel\/UCRly6WXZuX-7p72l_6FeiCg"]}]}},"_links":{"self":[{"href":"https:\/\/anza-hu.web9.wildweb.no\/hu\/wp-json\/wp\/v2\/pages\/15997","targetHints":{"allow":["GET"]}}],"collection":[{"href":"https:\/\/anza-hu.web9.wildweb.no\/hu\/wp-json\/wp\/v2\/pages"}],"about":[{"href":"https:\/\/anza-hu.web9.wildweb.no\/hu\/wp-json\/wp\/v2\/types\/page"}],"author":[{"embeddable":true,"href":"https:\/\/anza-hu.web9.wildweb.no\/hu\/wp-json\/wp\/v2\/users\/4"}],"replies":[{"embeddable":true,"href":"https:\/\/anza-hu.web9.wildweb.no\/hu\/wp-json\/wp\/v2\/comments?post=15997"}],"version-history":[{"count":2,"href":"https:\/\/anza-hu.web9.wildweb.no\/hu\/wp-json\/wp\/v2\/pages\/15997\/revisions"}],"predecessor-version":[{"id":18892,"href":"https:\/\/anza-hu.web9.wildweb.no\/hu\/wp-json\/wp\/v2\/pages\/15997\/revisions\/18892"}],"up":[{"embeddable":true,"href":"https:\/\/anza-hu.web9.wildweb.no\/hu\/wp-json\/wp\/v2\/pages\/15898"}],"wp:featuredmedia":[{"embeddable":true,"href":"https:\/\/anza-hu.web9.wildweb.no\/hu\/wp-json\/wp\/v2\/media\/15907"}],"wp:attachment":[{"href":"https:\/\/anza-hu.web9.wildweb.no\/hu\/wp-json\/wp\/v2\/media?parent=15997"}],"curies":[{"name":"wp","href":"https:\/\/api.w.org\/{rel}","templated":true}]}}