{"id":16042,"date":"2017-11-17T06:44:08","date_gmt":"2017-11-17T06:44:08","guid":{"rendered":"https:\/\/anza-hu.web9.wildweb.no\/anza-vilagszerte\/"},"modified":"2025-10-27T10:56:24","modified_gmt":"2025-10-27T10:56:24","slug":"anza-vilagszerte","status":"publish","type":"page","link":"https:\/\/anza-hu.web9.wildweb.no\/hu\/anza-vilagszerte\/","title":{"rendered":"Anza vil\u00e1gszerte"},"content":{"rendered":"\n<p class=\"article__lead teaser\">Keresse meg a helyi Anza weboldal\u00e1t \u00e9s\/vagy keresked\u0151j\u00e9t az al\u00e1bbiakban.<\/p>\n\n<div class=\"wp-block-columns is-layout-flex wp-container-core-columns-is-layout-9d6595d7 wp-block-columns-is-layout-flex\">\n<div class=\"wp-block-column is-layout-flow wp-block-column-is-layout-flow\">\n<h3 class=\"wp-block-heading\">Sv\u00e9dorsz\u00e1g<\/h3>\n\n\n\n<p><strong>Orkla House Care AB<\/strong><br\/>Tallv\u00e4gen 6<br\/>564 23 Bankeryd<br\/>Sv\u00e9dorsz\u00e1g<br\/><br\/>Tel: +46-36-37 63 00<br\/>Fax: +46-36-37 79 90<br\/><a href=\"mailto:info@anza.se\">info@anza.se<\/a><br\/><a href=\"http:\/\/www.anza.se\">www.anza.se<\/a><\/p>\n\n\n\n<p><\/p>\n<\/div>\n\n\n\n<div class=\"wp-block-column is-layout-flow wp-block-column-is-layout-flow\">\n<h3 class=\"wp-block-heading\">Benelux \u00e1llamok<\/h3>\n\n\n\n<p><strong>Orkla House Care<\/strong><br\/>Koralenhoeve 25<br\/>B-2160 Wommelgem<br\/>Belgium<br\/><br\/>Tel: +32 3 32 73 346<br\/><a href=\"mailto:sales@orkla.eu\">sales@orkla.eu<\/a><br\/><a href=\"http:\/\/www.anzapro.be\">www.anzapro.be<\/a><a href=\"http:\/\/www.anzapro.nl\">www.anzapro.be<br\/>www.anzapro.nl<\/a><\/p>\n\n\n\n<p><\/p>\n<\/div>\n\n\n\n<div class=\"wp-block-column is-layout-flow wp-block-column-is-layout-flow\">\n<h3 class=\"wp-block-heading\">D\u00e1nia<\/h3>\n\n\n\n<p><strong>Orkla House Care<\/strong><br\/>Industrigrenen 10<br\/>2635 Ish\u00f8j<br\/>D\u00e1nia<br\/><br\/>Tel: +45-47 33 74 00<br\/>Fax: +45-47 33 74 01<br\/><a href=\"mailto:info@anza.dk\">info@anza.dk<\/a><br\/><a href=\"http:\/\/www.anza.dk\">www.anza.dk<\/a><\/p>\n\n\n\n<p><\/p>\n<\/div>\n\n\n\n<div class=\"wp-block-column is-layout-flow wp-block-column-is-layout-flow\">\n<h3 class=\"wp-block-heading\">Bulg\u00e1ria<\/h3>\n\n\n\n<p><strong>thenordicmark Ltd.<\/strong><br\/>Vladimir Vazov blvd. 65<br\/>1836 Sz\u00f3fia<br\/>Bulg\u00e1ria<br\/><br\/>Tel: +359 876 496 353<br\/><a href=\"mailto:info.bg@thenordicmark.com\">info.bg@thenordicmark.com<\/a><br\/><a href=\"mailto:order.bg@thenordicmark.com\">order.bg@thenordicmark.com<\/a><br\/><a href=\"http:\/\/www.thenordicmark.com\/bg\/\">www.thenordicmark.com\/bg\/<\/a><\/p>\n<\/div>\n<\/div>\n\n<div class=\"wp-block-columns is-layout-flex wp-container-core-columns-is-layout-9d6595d7 wp-block-columns-is-layout-flex\">\n<div class=\"wp-block-column is-layout-flow wp-block-column-is-layout-flow\">\n<h3 class=\"wp-block-heading\">Cseh K\u00f6zt\u00e1rsas\u00e1g<\/h3>\n\n\n\n<p><strong>Dejmark Czech s.r.o.<\/strong><br\/>Pod\u011bbradsk\u00e1 1020\/30<br\/>190 00 Praha 9<br\/>Cseh K\u00f6zt\u00e1rsas\u00e1g<br\/><br\/>Tel: +420 724 536 652<br\/><a href=\"http:\/\/www.dejmark.cz\">info.cz@dejmark.com<br\/>www.dejmark.cz<\/a><br\/><a href=\"http:\/\/www.xbarvy.cz\">www.xbarvy.cz<\/a><\/p>\n\n\n\n<p><\/p>\n\n\n\n<p><\/p>\n<\/div>\n\n\n\n<div class=\"wp-block-column is-layout-flow wp-block-column-is-layout-flow\">\n<h3 class=\"wp-block-heading\">\u00c9sztorsz\u00e1g<\/h3>\n\n\n\n<p><strong>AS Tikkurila<\/strong><br\/>Liimi 5<br\/>EE-10621 Tallinn<br\/>\u00c9sztorsz\u00e1g<br\/><br\/>Tel: +372-6 501 100<br\/><a href=\"mailto:info.ee@ppg.com\">info.ee@ppg.com<\/a><br\/><a href=\"http:\/\/www.vivacolor.ee\/anza\">www.vivacolor.ee\/anza<\/a>  www.vivacolor.ee\/anza<\/p>\n\n\n\n<p><\/p>\n<\/div>\n\n\n\n<div class=\"wp-block-column is-layout-flow wp-block-column-is-layout-flow\">\n<h3 class=\"wp-block-heading\">Finnorsz\u00e1g<\/h3>\n\n\n\n<p><strong>Oy C.E. Lindgren AB<\/strong><br\/>Raudoittajantie 5<br\/>FI-06450 Porvoo<br\/>Finnorsz\u00e1g<br\/><br\/>Tel: +358-19 536 010 <br\/><a href=\"mailto:info@celindgren.fi\">info@celindgren.fi <\/a><br\/><a href=\"http:\/\/www.celindgren.fi\">www.celindgren.fi<\/a><\/p>\n\n\n\n<p><\/p>\n<\/div>\n\n\n\n<div class=\"wp-block-column is-layout-flow wp-block-column-is-layout-flow\">\n<h3 class=\"wp-block-heading\">Finnorsz\u00e1g<\/h3>\n\n\n\n<p><strong>Stark Suomi Oy<\/strong><br\/>Olarinluoma 15<br\/>02600 Espoo<br\/>Finnorsz\u00e1g<br\/><br\/>Tel: +358 93 541 0000<br\/><a href=\"https:\/\/www.stark-suomi.fi\">www.stark-suomi.fi<\/a><\/p>\n\n\n\n<p><\/p>\n<\/div>\n<\/div>\n\n<div class=\"wp-block-columns is-layout-flex wp-container-core-columns-is-layout-9d6595d7 wp-block-columns-is-layout-flex\">\n<div class=\"wp-block-column is-layout-flow wp-block-column-is-layout-flow\">\n<h3 class=\"wp-block-heading\">Magyarorsz\u00e1g<\/h3>\n\n\n\n<p><strong>thenordicmark KFT<\/strong><br\/>Gy\u00e1li \u00fat 27-29.<br\/>1097 Budapest<br\/>Magyarorsz\u00e1g<br\/><br\/>Tel.: +36 1 348 3040<br\/><a href=\"mailto:info.hu@nordicmark.com\">info.hu@nordicmark.com<\/a><br\/><a href=\"http:\/\/www.thenordicmark.com\/hu\">www.thenordicmark.com\/hu<\/a><\/p>\n\n\n\n<p><\/p>\n\n\n\n<p><\/p>\n<\/div>\n\n\n\n<div class=\"wp-block-column is-layout-flow wp-block-column-is-layout-flow\">\n<h3 class=\"wp-block-heading\">Izland<\/h3>\n\n\n\n<p><strong>John Lindsay Ltd.<\/strong><br\/>Klettagardar 23<br\/>104 Reykjavik<br\/>Izland<br\/><br\/>Tel: +354 533 2600<br\/>Mobil: +354 863 5334<br\/><a href=\"mailto:lindsay@lindsay.is\">daninn@daninn.is <\/a><br\/><a href=\"http:\/\/www.lindsay.is\"> www.daninn.is<\/a><\/p>\n\n\n\n<p><\/p>\n<\/div>\n\n\n\n<div class=\"wp-block-column is-layout-flow wp-block-column-is-layout-flow\">\n<h3 class=\"wp-block-heading\">Lettorsz\u00e1g<\/h3>\n\n\n\n<p><strong>SIA Tikkurila<\/strong><br\/>Kurzes Str. 23 K-3<br\/>LV-1046, Riga<br\/>Latvia <br\/><br\/>Tel: +371 67 611 135<br\/>Fax: +371 67 610 911<br\/><a href=\"mailto:info.lv@ppg.com\">info.lv@ppg.com<\/a><a href=\"mailto:info.lv@tikkurila.com\"><br\/><\/a><a href=\"https:\/\/www.tikkurila.lv\">www.tikkurila.lv<\/a><br\/><a href=\"http:\/\/www.vivacolor.lv\">www.vivacolor.lv<\/a><\/p>\n\n\n\n<p><\/p>\n<\/div>\n\n\n\n<div class=\"wp-block-column is-layout-flow wp-block-column-is-layout-flow\">\n<h3 class=\"wp-block-heading\">Litv\u00e1nia<\/h3>\n\n\n\n<p><strong>UAB Tikkurila<\/strong><br\/>Sietyno 8<br\/>LT-04304 Vilnius<br\/>Litv\u00e1nia<br\/><br\/>Tel: +370-2 706 413<br\/>Mob: +370 614 12 898<br\/><a href=\"mailto:Info.lt@ppg.com\">Info.lt@ppg.com<\/a><a href=\"mailto:info@vivacolor.lt\"><br\/><\/a>w<a href=\"https:\/\/www.tikkurila.lt\">ww.tikkurila.lt<\/a><br\/> www.vivacolor.lt<\/p>\n\n\n\n<p><\/p>\n<\/div>\n<\/div>\n\n<div class=\"wp-block-columns is-layout-flex wp-container-core-columns-is-layout-9d6595d7 wp-block-columns-is-layout-flex\">\n<div class=\"wp-block-column is-layout-flow wp-block-column-is-layout-flow\">\n<h3 class=\"wp-block-heading\">Malajzia<\/h3>\n\n\n\n<p><strong>ANZA Marketing Sdn.Bhd<\/strong><br\/>No 118, Lengkok Kampung Jawa 2<br\/>Nftz Fasa 3<br\/>MY-11900 Pengang<br\/>Malajzia<br\/><br\/>Tel: +60-4 646 3916<br\/>Fax: +60-4 646 7917<br\/><a href=\"mailto:c.l.loh@zhingthard.com\">c.l.loh@zhingthard.com c.l.loh@zhingthard.com<\/a><\/p>\n\n\n\n<p><\/p>\n<\/div>\n\n\n\n<div class=\"wp-block-column is-layout-flow wp-block-column-is-layout-flow\">\n<h3 class=\"wp-block-heading\">M\u00e1lta<\/h3>\n\n\n\n<p><strong>Ellcee Nautical Supplies Co. Ltd. <\/strong><br\/>Camillerie Marine<br\/>162 a; Ta&#8217;Xbiex Seafront<br\/>Gzira<br\/><br\/>Tel:+356 21 346 230<br\/>Fax: +356 21 345 414<br\/><a href=\"mailto:ken@ellcee.com\">ken@ellcee.com<\/a><br\/><a href=\"http:\/\/www.ellcee.com\">www.ellcee.com<\/a><\/p>\n\n\n\n<p><\/p>\n<\/div>\n\n\n\n<div class=\"wp-block-column is-layout-flow wp-block-column-is-layout-flow\">\n<h3 class=\"wp-block-heading\">K\u00f6zel-Kelet<\/h3>\n\n\n\n<p><strong>Al Khowahir Chemicals Mat Tr. LLC   <\/strong><br\/>P.O Box 6870, Sharjah,<br\/>Egyes\u00fclt Arab Em\u00edrs\u00e9gek<br\/><br\/>Tel: +971-6-542 41 16<br\/>Fax: +971-6-542 40 16<br\/><a href=\"mailto:info@khowahir.com\">info@khowahir.com<\/a><br\/><a href=\"http:\/\/www.khowahir.com\">www.khowahir.com<\/a><\/p>\n\n\n\n<p><\/p>\n<\/div>\n\n\n\n<div class=\"wp-block-column is-layout-flow wp-block-column-is-layout-flow\">\n<h3 class=\"wp-block-heading\">Lengyelorsz\u00e1g<\/h3>\n\n\n\n<p><strong>WAGNER-SERVICE Sp. z o.o.   <\/strong><br\/>ul. Emanuela Imieli 30<br\/>41-605 \u015awi\u0119toch\u0142owice<br\/>Lengyelorsz\u00e1g <br\/><br\/>Tel: +48 32 346 37 00<br\/><a href=\"mailto:info@wagner-polska.com.pl\">info@wagner-polska.com.pl<\/a><br\/><a href=\"http:\/\/www.wagner-polska.com.pl\">www.wagner-polska.com.pl<\/a><\/p>\n\n\n\n<p><\/p>\n<\/div>\n<\/div>\n\n<div class=\"wp-block-columns is-layout-flex wp-container-core-columns-is-layout-9d6595d7 wp-block-columns-is-layout-flex\">\n<div class=\"wp-block-column is-layout-flow wp-block-column-is-layout-flow\">\n<h3 class=\"wp-block-heading\">Rom\u00e1nia<\/h3>\n\n\n\n<p><strong>thenordicmark SRL<\/strong><br\/>Str. Cernat nr 27.,<br\/>RO-525400 Targu Secuiesc, CV<br\/>Rom\u00e1nia <br\/><br\/>Tel: +40 734 542 253<br\/><a href=\"mailto:info.ro@thenordicmark.com\">info.ro@thenordicmark.com<\/a><br\/><a href=\"http:\/\/www.thenordicmark.com\/ro\/\">www.thenordicmark.com\/ro\/<\/a><\/p>\n\n\n\n<p><\/p>\n<\/div>\n\n\n\n<div class=\"wp-block-column is-layout-flow wp-block-column-is-layout-flow\">\n<h3 class=\"wp-block-heading\">Szlov\u00e1kia<\/h3>\n\n\n\n<p><strong>Dejmark spol. s r.o. <\/strong><br\/>Priekopsk\u00e1 3706\/104<br\/>036 08 Martin-Priekopa<br\/>Szlov\u00e1kia<br\/><br\/>Tel: +421 43 40 100 40<br\/><a href=\"mailto:martin@dejmark.com\">martin@dejmark.com<br\/>www.dejmarkgroup.com<\/a><\/p>\n\n\n\n<p><\/p>\n<\/div>\n\n\n\n<div class=\"wp-block-column is-layout-flow wp-block-column-is-layout-flow\">\n<h3 class=\"wp-block-heading\">Szerbia<\/h3>\n\n\n\n<p><strong>Tikkurila d.o.o.<\/strong><br\/>Hajduk Veljkova BB<br\/>S\u0102BAC 15000<br\/>Szerbia<br\/><br\/>Tel: 381 15 368 800<br\/><a href=\"mailto:info.rs@tikkurila.com\">info.rs@tikkurila.com<\/a><\/p>\n\n\n\n<p><\/p>\n<\/div>\n\n\n\n<div class=\"wp-block-column is-layout-flow wp-block-column-is-layout-flow\">\n<h3 class=\"wp-block-heading\">Sv\u00e1jc<\/h3>\n\n\n\n<p>PEKA Pinselfabrik AG Industriestrasse 41<br\/>Postfach 48<br\/>CH-9642 Ebnat-Kappel<br\/><br\/>Tel: +41 71 992 05 05<br\/><a href=\"mailto:info@peka.ch\">info@peka.ch<\/a><br\/><a href=\"http:\/\/www.peka.ch\">www.peka.ch<\/a><\/p>\n\n\n\n<p><\/p>\n<\/div>\n<\/div>\n\n<div class=\"wp-block-columns is-layout-flex wp-container-core-columns-is-layout-9d6595d7 wp-block-columns-is-layout-flex\">\n<div class=\"wp-block-column is-layout-flow wp-block-column-is-layout-flow\">\n<h3 class=\"wp-block-heading\">T\u00f6r\u00f6korsz\u00e1g<\/h3>\n\n\n\n<p><strong>Jotun Boya San. ve Tic. A.\u015e  <\/strong><br\/>Balabandere Caddesi Hilpark Suites, Sitesi No:10 \u0130stinye<br\/>34460 Sar\u0131yer<br\/>Isztambul<br\/>T\u00f6r\u00f6korsz\u00e1g<br\/><br\/>Tel: +90 212 279 78 78<br\/>Fax: +90 212 279 25 49<br\/><a href=\"mailto:boya@jotun.com.tr\">boya@jotun.com.tr<\/a><br\/><a href=\"http:\/\/www.jotun.com.tr\">www.jotun.com.tr<\/a><\/p>\n\n\n\n<p><\/p>\n<\/div>\n\n\n\n<div class=\"wp-block-column is-layout-flow wp-block-column-is-layout-flow\">\n<h3 class=\"wp-block-heading\"><\/h3>\n\n\n\n<p><\/p>\n\n\n\n<p><\/p>\n<\/div>\n\n\n\n<div class=\"wp-block-column is-layout-flow wp-block-column-is-layout-flow\">\n<h3 class=\"wp-block-heading\"><\/h3>\n\n\n\n<p><\/p>\n\n\n\n<p><\/p>\n<\/div>\n\n\n\n<div class=\"wp-block-column is-layout-flow wp-block-column-is-layout-flow\">\n<h3 class=\"wp-block-heading\"><\/h3>\n<\/div>\n<\/div>\n\n<div class=\"wp-block-columns is-layout-flex wp-container-core-columns-is-layout-9d6595d7 wp-block-columns-is-layout-flex\">\n<div class=\"wp-block-column is-layout-flow wp-block-column-is-layout-flow\"><\/div>\n<\/div>\n","protected":false},"excerpt":{"rendered":"<p>Keresse meg a helyi Anza weboldal\u00e1t \u00e9s\/vagy keresked\u0151j\u00e9t az al\u00e1bbiakban. Sv\u00e9dorsz\u00e1g Orkla House Care ABTallv\u00e4gen 6564 23 BankerydSv\u00e9dorsz\u00e1g Tel: +46-36-37 63 00Fax: +46-36-37 79 90info@anza.sewww.anza.se Benelux \u00e1llamok Orkla House CareKoralenhoeve 25B-2160 WommelgemBelgium Tel: +32 3 32 73 346sales@orkla.euwww.anzapro.bewww.anzapro.bewww.anzapro.nl D\u00e1nia Orkla House CareIndustrigrenen 102635 Ish\u00f8jD\u00e1nia Tel: +45-47 33 74 00Fax: +45-47 33 74 01info@anza.dkwww.anza.dk Bulg\u00e1ria thenordicmark [&hellip;]<\/p>\n","protected":false},"author":1,"featured_media":0,"parent":0,"menu_order":0,"comment_status":"closed","ping_status":"closed","template":"DefaultArticle.php","meta":{"_acf_changed":false,"_relevanssi_hide_post":"","_relevanssi_hide_content":"","_relevanssi_pin_for_all":"","_relevanssi_pin_keywords":"","_relevanssi_unpin_keywords":"","_relevanssi_related_keywords":"","_relevanssi_related_include_ids":"","_relevanssi_related_exclude_ids":"","_relevanssi_related_no_append":"","_relevanssi_related_not_related":"","_relevanssi_related_posts":"","_relevanssi_noindex_reason":"","inline_featured_image":false,"footnotes":""},"class_list":["post-16042","page","type-page","status-publish","hentry"],"acf":[],"yoast_head":"<!-- This site is optimized with the Yoast SEO plugin v27.4 - https:\/\/yoast.com\/product\/yoast-seo-wordpress\/ -->\n<title>Anza vil\u00e1gszerte &#8211; Anza Magyarorsz\u00e1g<\/title>\n<meta name=\"description\" content=\"Anza is a leading Swedish supplier of painting tools, brushes, rollers and cleaners. Anza helps you with your painting projects. Read more here!\" \/>\n<meta name=\"robots\" content=\"noindex, follow\" \/>\n<meta property=\"og:locale\" content=\"hu_HU\" \/>\n<meta property=\"og:type\" content=\"website\" \/>\n<meta property=\"og:title\" content=\"Anza vil\u00e1gszerte &#8211; Anza Magyarorsz\u00e1g\" \/>\n<meta property=\"og:description\" content=\"Anza is a leading Swedish supplier of painting tools, brushes, rollers and cleaners. Anza helps you with your painting projects. Read more here!\" \/>\n<meta property=\"og:url\" content=\"https:\/\/anza-hu.web9.wildweb.no\/hu\/anza-vilagszerte\/\" \/>\n<meta property=\"og:site_name\" content=\"Anza Magyarorsz\u00e1g\" \/>\n<meta property=\"article:publisher\" content=\"https:\/\/www.facebook.com\/anzamaleriverktyg\/\" \/>\n<meta property=\"article:modified_time\" content=\"2025-10-27T10:56:24+00:00\" \/>\n<meta name=\"twitter:card\" content=\"summary_large_image\" \/>\n<meta name=\"twitter:label1\" content=\"Est. reading time\" \/>\n\t<meta name=\"twitter:data1\" content=\"2 minutes\" \/>\n<script type=\"application\/ld+json\" class=\"yoast-schema-graph\">{\"@context\":\"https:\\\/\\\/schema.org\",\"@graph\":[{\"@type\":\"WebPage\",\"@id\":\"https:\\\/\\\/anza-hu.web9.wildweb.no\\\/hu\\\/anza-vilagszerte\\\/\",\"url\":\"https:\\\/\\\/anza-hu.web9.wildweb.no\\\/hu\\\/anza-vilagszerte\\\/\",\"name\":\"Anza vil\u00e1gszerte &#8211; Anza Magyarorsz\u00e1g\",\"isPartOf\":{\"@id\":\"https:\\\/\\\/anza-hu.web9.wildweb.no\\\/hu\\\/#website\"},\"datePublished\":\"2017-11-17T06:44:08+00:00\",\"dateModified\":\"2025-10-27T10:56:24+00:00\",\"description\":\"Anza is a leading Swedish supplier of painting tools, brushes, rollers and cleaners. Anza helps you with your painting projects. Read more here!\",\"breadcrumb\":{\"@id\":\"https:\\\/\\\/anza-hu.web9.wildweb.no\\\/hu\\\/anza-vilagszerte\\\/#breadcrumb\"},\"inLanguage\":\"hu-HU\",\"potentialAction\":[{\"@type\":\"ReadAction\",\"target\":[\"https:\\\/\\\/anza-hu.web9.wildweb.no\\\/hu\\\/anza-vilagszerte\\\/\"]}]},{\"@type\":\"BreadcrumbList\",\"@id\":\"https:\\\/\\\/anza-hu.web9.wildweb.no\\\/hu\\\/anza-vilagszerte\\\/#breadcrumb\",\"itemListElement\":[{\"@type\":\"ListItem\",\"position\":1,\"name\":\"Home\",\"item\":\"https:\\\/\\\/anza-hu.web9.wildweb.no\\\/hu\\\/\"},{\"@type\":\"ListItem\",\"position\":2,\"name\":\"Anza vil\u00e1gszerte\"}]},{\"@type\":\"WebSite\",\"@id\":\"https:\\\/\\\/anza-hu.web9.wildweb.no\\\/hu\\\/#website\",\"url\":\"https:\\\/\\\/anza-hu.web9.wildweb.no\\\/hu\\\/\",\"name\":\"Anza Painting Tools\",\"description\":\"Ecsetek, hengerek \u00e9s eszk\u00f6z\u00f6k, amelyek megk\u00f6nny\u00edtik a fest\u00e9st\",\"publisher\":{\"@id\":\"https:\\\/\\\/anza-hu.web9.wildweb.no\\\/hu\\\/#organization\"},\"alternateName\":\"Anza\",\"potentialAction\":[{\"@type\":\"SearchAction\",\"target\":{\"@type\":\"EntryPoint\",\"urlTemplate\":\"https:\\\/\\\/anza-hu.web9.wildweb.no\\\/hu\\\/?s={search_term_string}\"},\"query-input\":{\"@type\":\"PropertyValueSpecification\",\"valueRequired\":true,\"valueName\":\"search_term_string\"}}],\"inLanguage\":\"hu-HU\"},{\"@type\":\"Organization\",\"@id\":\"https:\\\/\\\/anza-hu.web9.wildweb.no\\\/hu\\\/#organization\",\"name\":\"Anza Painting Tools\",\"url\":\"https:\\\/\\\/anza-hu.web9.wildweb.no\\\/hu\\\/\",\"logo\":{\"@type\":\"ImageObject\",\"inLanguage\":\"hu-HU\",\"@id\":\"https:\\\/\\\/anza-hu.web9.wildweb.no\\\/hu\\\/#\\\/schema\\\/logo\\\/image\\\/\",\"url\":\"https:\\\/\\\/anza-hu.web9.wildweb.no\\\/wp\\\/uploads\\\/sites\\\/24\\\/2023\\\/06\\\/ANZA_logo_2021_black_payoff_EN.png\",\"contentUrl\":\"https:\\\/\\\/anza-hu.web9.wildweb.no\\\/wp\\\/uploads\\\/sites\\\/24\\\/2023\\\/06\\\/ANZA_logo_2021_black_payoff_EN.png\",\"width\":1582,\"height\":407,\"caption\":\"Anza Painting Tools\"},\"image\":{\"@id\":\"https:\\\/\\\/anza-hu.web9.wildweb.no\\\/hu\\\/#\\\/schema\\\/logo\\\/image\\\/\"},\"sameAs\":[\"https:\\\/\\\/www.facebook.com\\\/anzamaleriverktyg\\\/\",\"https:\\\/\\\/www.instagram.com\\\/anza_maleriverktyg\\\/\",\"https:\\\/\\\/www.linkedin.com\\\/company\\\/10275943\\\/\",\"https:\\\/\\\/www.youtube.com\\\/channel\\\/UCRly6WXZuX-7p72l_6FeiCg\"]}]}<\/script>\n<!-- \/ Yoast SEO plugin. -->","yoast_head_json":{"title":"Anza vil\u00e1gszerte &#8211; Anza Magyarorsz\u00e1g","description":"Anza is a leading Swedish supplier of painting tools, brushes, rollers and cleaners. Anza helps you with your painting projects. Read more here!","robots":{"index":"noindex","follow":"follow"},"og_locale":"hu_HU","og_type":"website","og_title":"Anza vil\u00e1gszerte &#8211; Anza Magyarorsz\u00e1g","og_description":"Anza is a leading Swedish supplier of painting tools, brushes, rollers and cleaners. Anza helps you with your painting projects. Read more here!","og_url":"https:\/\/anza-hu.web9.wildweb.no\/hu\/anza-vilagszerte\/","og_site_name":"Anza Magyarorsz\u00e1g","article_publisher":"https:\/\/www.facebook.com\/anzamaleriverktyg\/","article_modified_time":"2025-10-27T10:56:24+00:00","twitter_card":"summary_large_image","twitter_misc":{"Est. reading time":"2 minutes"},"schema":{"@context":"https:\/\/schema.org","@graph":[{"@type":"WebPage","@id":"https:\/\/anza-hu.web9.wildweb.no\/hu\/anza-vilagszerte\/","url":"https:\/\/anza-hu.web9.wildweb.no\/hu\/anza-vilagszerte\/","name":"Anza vil\u00e1gszerte &#8211; Anza Magyarorsz\u00e1g","isPartOf":{"@id":"https:\/\/anza-hu.web9.wildweb.no\/hu\/#website"},"datePublished":"2017-11-17T06:44:08+00:00","dateModified":"2025-10-27T10:56:24+00:00","description":"Anza is a leading Swedish supplier of painting tools, brushes, rollers and cleaners. Anza helps you with your painting projects. Read more here!","breadcrumb":{"@id":"https:\/\/anza-hu.web9.wildweb.no\/hu\/anza-vilagszerte\/#breadcrumb"},"inLanguage":"hu-HU","potentialAction":[{"@type":"ReadAction","target":["https:\/\/anza-hu.web9.wildweb.no\/hu\/anza-vilagszerte\/"]}]},{"@type":"BreadcrumbList","@id":"https:\/\/anza-hu.web9.wildweb.no\/hu\/anza-vilagszerte\/#breadcrumb","itemListElement":[{"@type":"ListItem","position":1,"name":"Home","item":"https:\/\/anza-hu.web9.wildweb.no\/hu\/"},{"@type":"ListItem","position":2,"name":"Anza vil\u00e1gszerte"}]},{"@type":"WebSite","@id":"https:\/\/anza-hu.web9.wildweb.no\/hu\/#website","url":"https:\/\/anza-hu.web9.wildweb.no\/hu\/","name":"Anza Painting Tools","description":"Ecsetek, hengerek \u00e9s eszk\u00f6z\u00f6k, amelyek megk\u00f6nny\u00edtik a fest\u00e9st","publisher":{"@id":"https:\/\/anza-hu.web9.wildweb.no\/hu\/#organization"},"alternateName":"Anza","potentialAction":[{"@type":"SearchAction","target":{"@type":"EntryPoint","urlTemplate":"https:\/\/anza-hu.web9.wildweb.no\/hu\/?s={search_term_string}"},"query-input":{"@type":"PropertyValueSpecification","valueRequired":true,"valueName":"search_term_string"}}],"inLanguage":"hu-HU"},{"@type":"Organization","@id":"https:\/\/anza-hu.web9.wildweb.no\/hu\/#organization","name":"Anza Painting Tools","url":"https:\/\/anza-hu.web9.wildweb.no\/hu\/","logo":{"@type":"ImageObject","inLanguage":"hu-HU","@id":"https:\/\/anza-hu.web9.wildweb.no\/hu\/#\/schema\/logo\/image\/","url":"https:\/\/anza-hu.web9.wildweb.no\/wp\/uploads\/sites\/24\/2023\/06\/ANZA_logo_2021_black_payoff_EN.png","contentUrl":"https:\/\/anza-hu.web9.wildweb.no\/wp\/uploads\/sites\/24\/2023\/06\/ANZA_logo_2021_black_payoff_EN.png","width":1582,"height":407,"caption":"Anza Painting Tools"},"image":{"@id":"https:\/\/anza-hu.web9.wildweb.no\/hu\/#\/schema\/logo\/image\/"},"sameAs":["https:\/\/www.facebook.com\/anzamaleriverktyg\/","https:\/\/www.instagram.com\/anza_maleriverktyg\/","https:\/\/www.linkedin.com\/company\/10275943\/","https:\/\/www.youtube.com\/channel\/UCRly6WXZuX-7p72l_6FeiCg"]}]}},"_links":{"self":[{"href":"https:\/\/anza-hu.web9.wildweb.no\/hu\/wp-json\/wp\/v2\/pages\/16042","targetHints":{"allow":["GET"]}}],"collection":[{"href":"https:\/\/anza-hu.web9.wildweb.no\/hu\/wp-json\/wp\/v2\/pages"}],"about":[{"href":"https:\/\/anza-hu.web9.wildweb.no\/hu\/wp-json\/wp\/v2\/types\/page"}],"author":[{"embeddable":true,"href":"https:\/\/anza-hu.web9.wildweb.no\/hu\/wp-json\/wp\/v2\/users\/1"}],"replies":[{"embeddable":true,"href":"https:\/\/anza-hu.web9.wildweb.no\/hu\/wp-json\/wp\/v2\/comments?post=16042"}],"version-history":[{"count":1,"href":"https:\/\/anza-hu.web9.wildweb.no\/hu\/wp-json\/wp\/v2\/pages\/16042\/revisions"}],"predecessor-version":[{"id":16043,"href":"https:\/\/anza-hu.web9.wildweb.no\/hu\/wp-json\/wp\/v2\/pages\/16042\/revisions\/16043"}],"wp:attachment":[{"href":"https:\/\/anza-hu.web9.wildweb.no\/hu\/wp-json\/wp\/v2\/media?parent=16042"}],"curies":[{"name":"wp","href":"https:\/\/api.w.org\/{rel}","templated":true}]}}